{"id":1433,"date":"2021-01-21T18:45:04","date_gmt":"2021-01-21T17:45:04","guid":{"rendered":"https:\/\/www.ecsfortunette.fr\/?page_id=1433"},"modified":"2021-01-21T18:59:51","modified_gmt":"2021-01-21T17:59:51","slug":"ecole-du-chiot","status":"publish","type":"page","link":"https:\/\/www.ecsfortunette.fr\/index.php\/ecole-du-chiot\/","title":{"rendered":"Ecole du chiot"},"content":{"rendered":"\n<p class=\"has-text-color has-very-dark-gray-color\">\n<strong>En\nquoi consiste l\u2019\u00e9cole du chiot<\/strong> ?<\/p>\n\n\n\n<p class=\"has-text-color has-very-dark-gray-color\">Il\ns\u2019agit d\u2019un cours d\u2019\u00e9ducation exclusivement r\u00e9serv\u00e9 \u00e0 des\nchiots de 2 \u00e0 7 mois. Elle a pour but de continuer le travail de\nsocialisation commenc\u00e9 par sa m\u00e8re et son \u00e9leveur, en mettant\nensemble des chiots dans un environnement cadr\u00e9 et riche en\nstimulation, et d\u2019\u00e9duquer le chien aux ordres de base afin de\nfaciliter son int\u00e9gration dans sa nouvelle famille.<\/p>\n\n\n\n<p class=\"has-text-color has-very-dark-gray-color\">C\u2019est avant l\u2019\u00e2ge de 6 mois que la personnalit\u00e9 de votre chien, sa docilit\u00e9, sa socialit\u00e9, sa tol\u00e9rance vis-\u00e0-vis des gens, des autres chiens et de tout son environnement se construit. C\u2019est aussi entre 2 et 6 mois qu\u2019il va \u00eatre le plus r\u00e9ceptif aux apprentissages.<br> Comme c\u2019est \u00e0 vous qu\u2019il appartient d\u2019apprendre les bonnes mani\u00e8res \u00e0 votre chiot et de faire de lui un chien \u00e0 l\u2019aise en toutes situations, nous vous proposons de vous accompagner dans cette t\u00e2che, de faire de vous de bons \u00e9ducateurs durant cette p\u00e9riode essentielle o\u00f9 vous devrez, vous et votre chiot, acqu\u00e9rir toutes les bases du \u00ab bien vivre ensemble \u00bb !<\/p>\n\n\n\n<p class=\"has-text-color has-very-dark-gray-color\">L\u2019\u00e9cole des chiots va permettre \u00e0 vos chiots d\u2019explorer, jouer, profiter, s\u2019\u00e9veiller et apprendre. Elle contribue \u00e0 mieux conna\u00eetre son compagnon pour mieux vivre avec lui dans le respect de l\u2019environnement de ceux qui n\u2019ont pas de chien et du chien lui-m\u00eame .  <\/p>\n\n\n\n<p class=\"has-text-color has-very-dark-gray-color\">Cette\n\u00e9ducation canine pr\u00e9coce socialise parfaitement le jeune chiot qui\nva d\u00e9couvrir d\u2019autres races de chiens et d\u2019autres humains que\nceux qu\u2019il a l\u2019habitude de voir chez lui . \n<\/p>\n\n\n\n<p class=\"has-text-color has-very-dark-gray-color\">Son ma\u00eetre, quant \u00e0 lui, va apprendre comment fonctionne son petit prot\u00e9g\u00e9 et quelle place il devra lui donner au sein de la famille . \u00a0<\/p>\n\n\n\n<p class=\"has-text-color has-very-dark-gray-color\">L\u2019\u00e9ducation est faite selon la m\u00e9thode \u00e9thologique qui respecte la progression naturelle du chiot. L\u2019\u00e9ducation du chiot se fait avec r\u00e9compenses. Le ma\u00eetre renforce les actions positives et ignore les attitudes non d\u00e9sir\u00e9es.<\/p>\n\n\n\n<p class=\"has-text-color has-very-dark-gray-color\"><strong>Les diff\u00e9rents exercices de socialisation seront:<\/strong><\/p>\n\n\n\n<p class=\"has-text-color has-very-dark-gray-color\">Manipulation des chiots par les ma\u00eetres et des personnes \u00e9trang\u00e8res, <\/p>\n\n\n\n<p class=\"has-text-color has-very-dark-gray-color\">Courtes p\u00e9riodes de jeux entre les chiots sous l\u2019oeil des ma\u00eetres et du moniteur pour apr\u00e9hender le language canin, <\/p>\n\n\n\n<p class=\"has-text-color has-very-dark-gray-color\">D\u00e9couverte de nouveau objets, bruits, sensations par le passage du chiot sur des petits parcours pr\u00e9vus \u00e0 cet effet, <\/p>\n\n\n\n<p class=\"has-text-color has-very-dark-gray-color\">Travail de motivation et du relationnel entre le maitre et le chiot. <\/p>\n\n\n\n<p class=\"has-text-color has-very-dark-gray-color\"><strong>Les diff\u00e9rents exercices d\u2019\u00e9ducation seront principalement ax\u00e9s sur :<\/strong><\/p>\n\n\n\n<p class=\"has-text-color has-very-dark-gray-color\">Le rappel, <\/p>\n\n\n\n<p class=\"has-text-color has-very-dark-gray-color\">Le pas bouger, <\/p>\n\n\n\n<p class=\"has-text-color has-very-dark-gray-color\">La marche en laisse, <\/p>\n\n\n\n<p class=\"has-text-color has-very-dark-gray-color\">La position assise. <\/p>\n\n\n\n<p class=\"has-text-color has-very-dark-gray-color\"><strong>Mat\u00e9riel\nn\u00e9cessaire pour participer aux cours<\/strong>\n:<\/p>\n\n\n\n<p class=\"has-text-color has-very-dark-gray-color\">De pr\u00e9f\u00e9rence un collier plat ou \u00e9ventuellement un harnais adapt\u00e9 \u00e0 l\u2019\u00e2ge du chien, <\/p>\n\n\n\n<p class=\"has-text-color has-very-dark-gray-color\">Une laisse d\u2019environ 1,5 m, <\/p>\n\n\n\n<p class=\"has-text-color has-very-dark-gray-color\">Des friandises ou un jouet, <\/p>\n\n\n\n<p class=\"has-text-color has-very-dark-gray-color\">Sacs \u00e0 d\u00e9jections, <\/p>\n\n\n\n<p class=\"has-text-color has-very-dark-gray-color\">De l\u2019eau pour vous et votre chien. <\/p>\n\n\n\n<p class=\"has-text-color has-very-dark-gray-color\">Sur\nun terrain cl\u00f4tur\u00e9 exclusivement r\u00e9serv\u00e9 \u00e0 cet effet avec du\nmat\u00e9riel sp\u00e9cifique. Ils sont encadr\u00e9s par des Moniteurs en\nEducation Canine dipl\u00f4m\u00e9s ayant valid\u00e9 le stage sp\u00e9cialis\u00e9\n\u00ab&nbsp;Ecole des Chiots&nbsp;\u00bb<\/p>\n\n\n\n<p class=\"has-text-color has-very-dark-gray-color\">Les\npremiers mois du chien <strong>sont\nles plus importants<\/strong>\net conditionneront une bonne partie de sa vie future. Le m\u00e9lange des\nraces, la pr\u00e9sence de nombreuses personnes, un environnement&nbsp;\nvari\u00e9s feront la joie de votre compagnon et le sociabilisera pour le\nfutur.<\/p>\n\n\n\n<p class=\"has-text-color has-very-dark-gray-color\">Il\nfaut que le chiot connaisse un maximum de choses avant 6 mois. Au\nclub&nbsp;, il d\u00e9couvrira des obstacles, des bruits, les odeurs,\netc.. Il va acqu\u00e9rir ainsi de l\u2019assurance et prendra confiance en\nlui<\/p>\n\n\n\n<p class=\"has-text-color has-very-dark-gray-color\">Le chien va \u00eatre progressivement soumis \u00e0 des stimulations nombreuses et vari\u00e9es qui vont solliciter tous ses sens afin que plus tard, il soit \u00e0 l&rsquo;aise dans n&rsquo;importe quel milieu.<\/p>\n\n\n\n<p class=\"has-text-color has-very-dark-gray-color\">Ce cours s\u2019adresse <strong>\u00e0 tous les chiots \u00e0 jour de leurs vaccins<\/strong>. Lorsque vous viendrez avec votre chiot, celui-ci devra avoir eu, \u00e0 minima la 1\u00e8re injection CHPPi (maladies de Carr\u00e9, h\u00e9patite, parvovirose). Nous recommandons fortement le vaccin contre la \u00ab toux de chenil \u00bb . <br> Il devra \u00e9galement \u00eatre en bonne sant\u00e9 et, si n\u00e9cessaire, correctement d\u00e9parasit\u00e9 (puces, parasites intestinaux, gale des oreilles, etc\u2026).<\/p>\n\n\n\n<figure class=\"wp-block-image\"><img loading=\"lazy\" width=\"840\" height=\"510\" src=\"https:\/\/www.ecsfortunette.fr\/wp-content\/uploads\/2021\/01\/vaccins-840x510.png\" alt=\"\" class=\"wp-image-1439\" srcset=\"https:\/\/www.ecsfortunette.fr\/wp-content\/uploads\/2021\/01\/vaccins-840x510.png 840w, https:\/\/www.ecsfortunette.fr\/wp-content\/uploads\/2021\/01\/vaccins-601x365.png 601w, https:\/\/www.ecsfortunette.fr\/wp-content\/uploads\/2021\/01\/vaccins-768x466.png 768w, https:\/\/www.ecsfortunette.fr\/wp-content\/uploads\/2021\/01\/vaccins.png 850w\" sizes=\"(max-width: 840px) 100vw, 840px\" \/><\/figure>\n\n\n\n<p class=\"has-text-color has-very-dark-gray-color\">L\u2019Ecole\ndu Chiot d\u2019ECSF est habilit\u00e9e par la Soci\u00e9t\u00e9 Centrale Canine\n(SCC)&nbsp;: elle dispose des installations recommand\u00e9es et ses\nmoniteurs\/monitrices sont qualifi\u00e9s (monitorat de base + stage Ecole\ndu Chiot).<\/p>\n\n\n\n<p class=\"has-text-color has-very-dark-gray-color\">Lire\nl\u2019article paru dans le magazine de la SCC de mars-avril 2016 \u00e0\npropos de l\u2019Ecole du Chiot : <a href=\"http:\/\/www.cechabsheim.fr\/wp-content\/uploads\/2016\/04\/Article-Ecole-du-chiot-SCC-mars2016.pdf\">Article\nEcole du chiot SCC mars2016<\/a><\/p>\n","protected":false},"excerpt":{"rendered":"<p>En quoi consiste l\u2019\u00e9cole du chiot ? Il s\u2019agit d\u2019un cours d\u2019\u00e9ducation exclusivement r\u00e9serv\u00e9 \u00e0 des chiots de 2 \u00e0 7 mois. Elle a pour but de continuer le travail de socialisation commenc\u00e9 par sa m\u00e8re et son \u00e9leveur, en mettant ensemble des chiots dans un environnement cadr\u00e9 et riche en stimulation, et d\u2019\u00e9duquer le&hellip; <br \/> <a class=\"read-more\" href=\"https:\/\/www.ecsfortunette.fr\/index.php\/ecole-du-chiot\/\">Lire la suite<\/a><\/p>\n","protected":false},"author":1,"featured_media":0,"parent":0,"menu_order":0,"comment_status":"closed","ping_status":"closed","template":"","meta":[],"_links":{"self":[{"href":"https:\/\/www.ecsfortunette.fr\/index.php\/wp-json\/wp\/v2\/pages\/1433"}],"collection":[{"href":"https:\/\/www.ecsfortunette.fr\/index.php\/wp-json\/wp\/v2\/pages"}],"about":[{"href":"https:\/\/www.ecsfortunette.fr\/index.php\/wp-json\/wp\/v2\/types\/page"}],"author":[{"embeddable":true,"href":"https:\/\/www.ecsfortunette.fr\/index.php\/wp-json\/wp\/v2\/users\/1"}],"replies":[{"embeddable":true,"href":"https:\/\/www.ecsfortunette.fr\/index.php\/wp-json\/wp\/v2\/comments?post=1433"}],"version-history":[{"count":2,"href":"https:\/\/www.ecsfortunette.fr\/index.php\/wp-json\/wp\/v2\/pages\/1433\/revisions"}],"predecessor-version":[{"id":1440,"href":"https:\/\/www.ecsfortunette.fr\/index.php\/wp-json\/wp\/v2\/pages\/1433\/revisions\/1440"}],"wp:attachment":[{"href":"https:\/\/www.ecsfortunette.fr\/index.php\/wp-json\/wp\/v2\/media?parent=1433"}],"curies":[{"name":"wp","href":"https:\/\/api.w.org\/{rel}","templated":true}]}}