{"id":1472,"date":"2021-01-21T20:56:19","date_gmt":"2021-01-21T19:56:19","guid":{"rendered":"https:\/\/www.ecsfortunette.fr\/?page_id=1472"},"modified":"2021-01-21T20:56:19","modified_gmt":"2021-01-21T19:56:19","slug":"informations-pedagogiques","status":"publish","type":"page","link":"https:\/\/www.ecsfortunette.fr\/index.php\/informations-pedagogiques\/","title":{"rendered":"Informations p\u00e9dagogiques"},"content":{"rendered":"\n<p class=\"has-text-color has-background has-very-dark-gray-color has-light-green-cyan-background-color\">\n<strong>6 Apprentissages essentiels\ndu chiot :<\/strong><\/p>\n\n\n\n<p class=\"has-text-color has-very-dark-gray-color\"><strong>JE SUIS CONFIANT<\/strong> : Pour cela pr\u00e9sentez-moi des objets, des lieux, des personnes, des chiens, des textures, des sons\u2026. En rendant l\u2019exp\u00e9rience g\u00e9niale pour moi. <\/p>\n\n\n\n<p class=\"has-text-color has-very-dark-gray-color\"><strong>J\u2019AIME ETRE TOUCHE<\/strong> : Prenez en compte mes refus et ne me forcez pas. Au contraire, apprenez-moi \u00e0 aimer cela, par la compr\u00e9hension et des contacts courts et positifs. <\/p>\n\n\n\n<p class=\"has-text-color has-very-dark-gray-color\"><strong>JE SAIS ETRE CALME<\/strong>: Limitez le trop plein d\u2019excitation, proposez-moi des activit\u00e9s et des promenades calmes. <\/p>\n\n\n\n<p class=\"has-text-color has-very-dark-gray-color\"><strong>JE PEUX RESTER SEUL<\/strong> : Augmentez la dur\u00e9e de vos absences tr\u00e8s progressivement. Ne me faites pas paniquer, car la solitude pourrait devenir insupportable pour moi. <\/p>\n\n\n\n<p class=\"has-text-color has-very-dark-gray-color\"><strong>JE SAIS ME CONTROLER<\/strong>: Cela passe par des exercices simples, comme attendre sagement avant d\u2019avoir ma gamelle ou de passer la porte. <\/p>\n\n\n\n<p class=\"has-text-color has-very-dark-gray-color\"><strong>JE VEUX BIEN ECOUTER<\/strong>: Cr\u00e9ez une belle relation avec moi. Apprenez \u00e0 bien communiquer et \u00e0 m\u2019encourager. <\/p>\n\n\n\n<p class=\"has-text-color has-background has-very-dark-gray-color has-light-green-cyan-background-color\"><strong>La\ndur\u00e9e des promenades:<\/strong><\/p>\n\n\n\n<p class=\"has-text-color has-very-dark-gray-color\"> Les dur\u00e9es dans le tableau ci-dessous sont donn\u00e9es \u00e0 titre informatif et devront \u00eatre adapt\u00e9es \u00e0 la condition du terrain et des activit\u00e9s pr\u00e9sentes lors de la promenade. Plusieurs promenades de cette dur\u00e9e peuvent \u00eatre propos\u00e9es chaque jour.  <\/p>\n\n\n\n<figure class=\"wp-block-image\"><img loading=\"lazy\" width=\"840\" height=\"58\" src=\"https:\/\/www.ecsfortunette.fr\/wp-content\/uploads\/2021\/01\/duree-promenade-840x58.png\" alt=\"\" class=\"wp-image-1475\" srcset=\"https:\/\/www.ecsfortunette.fr\/wp-content\/uploads\/2021\/01\/duree-promenade-840x58.png 840w, https:\/\/www.ecsfortunette.fr\/wp-content\/uploads\/2021\/01\/duree-promenade-660x46.png 660w, https:\/\/www.ecsfortunette.fr\/wp-content\/uploads\/2021\/01\/duree-promenade-768x53.png 768w, https:\/\/www.ecsfortunette.fr\/wp-content\/uploads\/2021\/01\/duree-promenade.png 936w\" sizes=\"(max-width: 840px) 100vw, 840px\" \/><\/figure>\n\n\n\n<p class=\"has-text-color has-vivid-red-color\">\nAttention\nVotre chiot ne vous dira pas qu\u2019il est\nfatigu\u00e9. Trop d\u2019activit\u00e9s peuvent augmenter les risques de\ncons\u00e9quences physiques (ex: la dysplasie). Proposez-lui des moments\ncalmes et d\u2019explorations. Pensez \u00e0 vous adapter \u00e0 son rythme.<\/p>\n\n\n\n<p class=\"has-text-color has-background has-very-dark-gray-color has-light-green-cyan-background-color\"><strong>Activit\u00e9s\nphysiques en fonction de l\u2019\u00e2ge:<\/strong><\/p>\n\n\n\n<figure class=\"wp-block-image\"><img loading=\"lazy\" width=\"840\" height=\"281\" src=\"https:\/\/www.ecsfortunette.fr\/wp-content\/uploads\/2021\/01\/activite-840x281.png\" alt=\"\" class=\"wp-image-1478\" srcset=\"https:\/\/www.ecsfortunette.fr\/wp-content\/uploads\/2021\/01\/activite-840x281.png 840w, https:\/\/www.ecsfortunette.fr\/wp-content\/uploads\/2021\/01\/activite-660x221.png 660w, https:\/\/www.ecsfortunette.fr\/wp-content\/uploads\/2021\/01\/activite-768x257.png 768w, https:\/\/www.ecsfortunette.fr\/wp-content\/uploads\/2021\/01\/activite.png 941w\" sizes=\"(max-width: 840px) 100vw, 840px\" \/><\/figure>\n\n\n\n<p class=\"has-text-color has-vivid-red-color\"><strong>Rappelez-vous\nque plus vous ferez de chose avec votre chiot plus une fois adulte il\nvous en r\u00e9clamera, non pas 2x plus mais 4x plus! Vous pouvez donc\nvarier les activit\u00e9s\nmais conservez une mod\u00e9ration sur la dur\u00e9e des activit\u00e9s et leurs\nintensit\u00e9s.<\/strong><\/p>\n","protected":false},"excerpt":{"rendered":"<p>6 Apprentissages essentiels du chiot : JE SUIS CONFIANT : Pour cela pr\u00e9sentez-moi des objets, des lieux, des personnes, des chiens, des textures, des sons\u2026. En rendant l\u2019exp\u00e9rience g\u00e9niale pour moi. J\u2019AIME ETRE TOUCHE : Prenez en compte mes refus et ne me forcez pas. Au contraire, apprenez-moi \u00e0 aimer cela, par la compr\u00e9hension et&hellip; <br \/> <a class=\"read-more\" href=\"https:\/\/www.ecsfortunette.fr\/index.php\/informations-pedagogiques\/\">Lire la suite<\/a><\/p>\n","protected":false},"author":1,"featured_media":0,"parent":0,"menu_order":0,"comment_status":"closed","ping_status":"closed","template":"","meta":[],"_links":{"self":[{"href":"https:\/\/www.ecsfortunette.fr\/index.php\/wp-json\/wp\/v2\/pages\/1472"}],"collection":[{"href":"https:\/\/www.ecsfortunette.fr\/index.php\/wp-json\/wp\/v2\/pages"}],"about":[{"href":"https:\/\/www.ecsfortunette.fr\/index.php\/wp-json\/wp\/v2\/types\/page"}],"author":[{"embeddable":true,"href":"https:\/\/www.ecsfortunette.fr\/index.php\/wp-json\/wp\/v2\/users\/1"}],"replies":[{"embeddable":true,"href":"https:\/\/www.ecsfortunette.fr\/index.php\/wp-json\/wp\/v2\/comments?post=1472"}],"version-history":[{"count":5,"href":"https:\/\/www.ecsfortunette.fr\/index.php\/wp-json\/wp\/v2\/pages\/1472\/revisions"}],"predecessor-version":[{"id":1479,"href":"https:\/\/www.ecsfortunette.fr\/index.php\/wp-json\/wp\/v2\/pages\/1472\/revisions\/1479"}],"wp:attachment":[{"href":"https:\/\/www.ecsfortunette.fr\/index.php\/wp-json\/wp\/v2\/media?parent=1472"}],"curies":[{"name":"wp","href":"https:\/\/api.w.org\/{rel}","templated":true}]}}