{"id":2101,"date":"2023-10-29T18:18:44","date_gmt":"2023-10-29T17:18:44","guid":{"rendered":"https:\/\/www.ecsfortunette.fr\/?page_id=2101"},"modified":"2023-10-29T18:27:16","modified_gmt":"2023-10-29T17:27:16","slug":"le-hoopers","status":"publish","type":"page","link":"https:\/\/www.ecsfortunette.fr\/index.php\/le-hoopers\/","title":{"rendered":"Le HOOPERS"},"content":{"rendered":"\n<div class=\"wp-block-themeisle-blocks-advanced-columns has-undefined-columns has-desktop-undefined-layout has-tablet-equal-layout has-mobile-equal-layout has-default-gap has-vertical-unset\" id=\"wp-block-themeisle-blocks-advanced-columns-58d60e16\"><div class=\"wp-block-themeisle-blocks-advanced-columns-overlay\"><\/div><div class=\"innerblocks-wrap\"><\/div><\/div>\n\n\n\n<p class=\"has-black-color has-text-color\">Dans cette discipline sportive, il s\u2019agit de guider, le chien \u00e0 travers un parcours impos\u00e9 d\u2019agr\u00e8s compos\u00e9s de <strong>HOOPS<\/strong>, de <strong>TUNNELS<\/strong>, de <strong>BARILS<\/strong>, de <strong>GATES<\/strong>.<\/p>\n\n\n\n<p class=\"has-black-color has-text-color\">Une coop\u00e9ration parfaite entre le chien et l\u2019humain est n\u00e9cessaire pour atteindre cet objectif. L\u2019harmonie entre le chien et le conducteur doit donc \u00eatre totale.<\/p>\n\n\n\n<p class=\"has-black-color has-text-color\">Le hoopers est accessible \u00e0 tout conducteur et \u00e0 tout chien quelle que soit la race. Une particularit\u00e9 majeure est que le conducteur ne se d\u00e9place pas avec son chien et ne peut pas quitter une surface d\u00e9di\u00e9e appel\u00e9e <strong>ZONE DE CONDUITE<\/strong>. Le chien est donc guid\u00e9, \u00e0 distance, tout au long du parcours avec un langage corporel, des commandes verbales et\/ou gestuelles.<\/p>\n\n\n\n<figure class=\"wp-block-image size-full\"><img loading=\"lazy\" width=\"447\" height=\"289\" src=\"https:\/\/www.ecsfortunette.fr\/wp-content\/uploads\/2023\/10\/Capture-decran_2023-10-29_17-57-40.png\" alt=\"\" class=\"wp-image-2107\"\/><\/figure>\n\n\n\n<p class=\"has-black-color has-text-color\">Le but du hoopers est pour le conducteur de pouvoir guider son chien, \u00e0 distance, sur un parcours fluide. Le chien doit r\u00e9aliser le parcours en respectant l\u2019ordre des agr\u00e8s et dans le temps de parcours maximum fix\u00e9.<\/p>\n\n\n\n<figure class=\"wp-block-image size-full\"><img loading=\"lazy\" width=\"364\" height=\"565\" src=\"https:\/\/www.ecsfortunette.fr\/wp-content\/uploads\/2023\/10\/Capture-decran_2023-10-29_18-04-35.png\" alt=\"\" class=\"wp-image-2110\" srcset=\"https:\/\/www.ecsfortunette.fr\/wp-content\/uploads\/2023\/10\/Capture-decran_2023-10-29_18-04-35.png 364w, https:\/\/www.ecsfortunette.fr\/wp-content\/uploads\/2023\/10\/Capture-decran_2023-10-29_18-04-35-235x365.png 235w\" sizes=\"(max-width: 364px) 100vw, 364px\" \/><\/figure>\n\n\n\n<figure class=\"wp-container-2 wp-block-gallery-1 wp-block-gallery has-nested-images columns-default is-cropped\">\n<figure class=\"wp-block-image size-large\"><img loading=\"lazy\" width=\"318\" height=\"179\" data-id=\"2112\"  src=\"https:\/\/www.ecsfortunette.fr\/wp-content\/uploads\/2023\/10\/tunnels-sans-fond.png\" alt=\"\" class=\"wp-image-2112\"\/><figcaption>tunnel sans fond<\/figcaption><\/figure>\n\n\n\n<figure class=\"wp-block-image size-large\"><img loading=\"lazy\" width=\"333\" height=\"162\" data-id=\"2115\"  src=\"https:\/\/www.ecsfortunette.fr\/wp-content\/uploads\/2023\/10\/tunnels.png\" alt=\"\" class=\"wp-image-2115\"\/><figcaption>petit tunnel<\/figcaption><\/figure>\n\n\n\n<figure class=\"wp-block-image size-large\"><img loading=\"lazy\" width=\"165\" height=\"229\" data-id=\"2113\"  src=\"https:\/\/www.ecsfortunette.fr\/wp-content\/uploads\/2023\/10\/baril.png\" alt=\"\" class=\"wp-image-2113\"\/><figcaption>baril<\/figcaption><\/figure>\n\n\n\n<figure class=\"wp-block-image size-large\"><img loading=\"lazy\" width=\"257\" height=\"249\" data-id=\"2116\"  src=\"https:\/\/www.ecsfortunette.fr\/wp-content\/uploads\/2023\/10\/Capture-decran_2023-10-29_18-06-16.png\" alt=\"\" class=\"wp-image-2116\"\/><figcaption>Hoop<\/figcaption><\/figure>\n\n\n\n<figure class=\"wp-block-image size-large\"><img loading=\"lazy\" width=\"175\" height=\"185\" data-id=\"2114\"  src=\"https:\/\/www.ecsfortunette.fr\/wp-content\/uploads\/2023\/10\/gate.png\" alt=\"\" class=\"wp-image-2114\"\/><figcaption>gate<\/figcaption><\/figure>\n\n\n\n<figure class=\"wp-block-image size-large\"><img loading=\"lazy\" width=\"442\" height=\"220\" data-id=\"2118\"  src=\"https:\/\/www.ecsfortunette.fr\/wp-content\/uploads\/2023\/10\/zone-de-conduite.png\" alt=\"\" class=\"wp-image-2118\"\/><\/figure>\n<\/figure>\n\n\n\n<p class=\"has-black-color has-text-color\">Pour faire du Hoopers au club, le chien doit avoir le rappel car il \u00e9volue sans contrainte (collier, laisse, longe&#8230;).<\/p>\n\n\n\n<p class=\"has-black-color has-text-color\">Toute personne int\u00e9ress\u00e9e doit s&rsquo;adresser au pr\u00e9sident Dominique Vaccaro ou \u00e0 la r\u00e9f\u00e9rente Hoopers St\u00e9phanie Vergnaud.<\/p>\n\n\n\n<p class=\"has-black-color has-text-color\">A ce jour les cours se d\u00e9roulent le dimanche matin en m\u00eame temps que les cours d&rsquo;\u00e9ducation. Nous verrons si le cr\u00e9neau \u00e9volue les prochaines ann\u00e9es.<\/p>\n\n\n\n<p class=\"has-black-color has-text-color\">Pour plus d&rsquo;information sur le r\u00e8glement du Hoopers clicker sur le lien ci-dessous : <a rel=\"noreferrer noopener\" href=\"http:\/\/activites-canines.com\/hoopers\/reglement\/\" data-type=\"URL\" data-id=\"http:\/\/activites-canines.com\/hoopers\/reglement\/\" target=\"_blank\">http:\/\/activites-canines.com\/hoopers\/reglement\/<\/a><\/p>\n\n\n\n<p><\/p>\n","protected":false},"excerpt":{"rendered":"<p>Dans cette discipline sportive, il s\u2019agit de guider, le chien \u00e0 travers un parcours impos\u00e9 d\u2019agr\u00e8s compos\u00e9s de HOOPS, de TUNNELS, de BARILS, de GATES. Une coop\u00e9ration parfaite entre le chien et l\u2019humain est n\u00e9cessaire pour atteindre cet objectif. L\u2019harmonie entre le chien et le conducteur doit donc \u00eatre totale. Le hoopers est accessible \u00e0&hellip; <br \/> <a class=\"read-more\" href=\"https:\/\/www.ecsfortunette.fr\/index.php\/le-hoopers\/\">Lire la suite<\/a><\/p>\n","protected":false},"author":1,"featured_media":0,"parent":0,"menu_order":0,"comment_status":"closed","ping_status":"closed","template":"","meta":[],"_links":{"self":[{"href":"https:\/\/www.ecsfortunette.fr\/index.php\/wp-json\/wp\/v2\/pages\/2101"}],"collection":[{"href":"https:\/\/www.ecsfortunette.fr\/index.php\/wp-json\/wp\/v2\/pages"}],"about":[{"href":"https:\/\/www.ecsfortunette.fr\/index.php\/wp-json\/wp\/v2\/types\/page"}],"author":[{"embeddable":true,"href":"https:\/\/www.ecsfortunette.fr\/index.php\/wp-json\/wp\/v2\/users\/1"}],"replies":[{"embeddable":true,"href":"https:\/\/www.ecsfortunette.fr\/index.php\/wp-json\/wp\/v2\/comments?post=2101"}],"version-history":[{"count":12,"href":"https:\/\/www.ecsfortunette.fr\/index.php\/wp-json\/wp\/v2\/pages\/2101\/revisions"}],"predecessor-version":[{"id":2124,"href":"https:\/\/www.ecsfortunette.fr\/index.php\/wp-json\/wp\/v2\/pages\/2101\/revisions\/2124"}],"wp:attachment":[{"href":"https:\/\/www.ecsfortunette.fr\/index.php\/wp-json\/wp\/v2\/media?parent=2101"}],"curies":[{"name":"wp","href":"https:\/\/api.w.org\/{rel}","templated":true}]}}