{"id":414,"date":"2019-02-15T22:56:03","date_gmt":"2019-02-15T21:56:03","guid":{"rendered":"https:\/\/www.ecsfortunette.fr\/index.php\/mesmerize\/"},"modified":"2024-08-30T17:13:48","modified_gmt":"2024-08-30T15:13:48","slug":"mesmerize","status":"publish","type":"page","link":"https:\/\/www.ecsfortunette.fr\/","title":{"rendered":"Front Page"},"content":{"rendered":"<div  data-label=\"Overlappable\" data-id=\"overlappable--1\" data-export-id=\"overlappable-4\" data-category=\"overlappable\" class=\"overlappable-4 content-section content-section-spacing\" data-overlap=\"true\" id=\"overlappable-1\" style=\"background-color: rgb(255, 255, 255);\"><div  class=\"gridContainer\"> <div  data-type=\"row\" class=\"row spaced-cols text-center\"><div  class=\"col-xs-12 col-sm-4 col-padding\">  <div  data-type=\"column\" class=\"\">  <h3  class=\"\">EDUCATION CANINE<\/h3><a class=\"button blue\" href=\"https:\/\/www.ecsfortunette.fr\/index.php\/les-cours-deducation\" target=\"_self\" data-cp-link=\"1\" rel=\"noopener\">D\u00c9COUVRIR<\/a><img  class=\"custom-image\" src=\"https:\/\/www.ecsfortunette.fr\/wp-content\/uploads\/2024\/08\/educ-scaled.jpg\" alt=\"\" title=\"educ\"><h3 class=\"\" >HOOPERS<\/h3><a class=\"button blue\" href=\"https:\/\/www.ecsfortunette.fr\/index.php\/le-hoopers\" target=\"_self\" data-cp-link=\"1\" rel=\"noopener\">DECOUVRIR<\/a><\/div> <\/div> <div  class=\"col-xs-12 col-sm-4 col-padding\">  <div  data-type=\"column\" class=\"\"><h3  class=\"\">AGILITY<\/h3> <a class=\"button blue\" href=\"https:\/\/www.ecsfortunette.fr\/index.php\/ques-ce-que-lagility\" target=\"_self\" data-cp-link=\"1\" rel=\"noopener\">D\u00c9COUVRIR<\/a><img  class=\"custom-image\" src=\"https:\/\/www.ecsfortunette.fr\/wp-content\/uploads\/2024\/08\/20-scaled.jpg\" alt=\"\" title=\"20\"><img  class=\"custom-image\" src=\"https:\/\/www.ecsfortunette.fr\/wp-content\/uploads\/2024\/08\/cropped-cropped-Milow-Hoopers-scaled-1.jpg\" title=\"Milow Hoopers\" alt=\"\"><\/div> <\/div> <div  class=\"col-xs-12 col-sm-4 col-padding\">  <div  data-type=\"column\" class=\"\"> <h3  class=\"\">OBEISSANCE<\/h3><a class=\"button blue\" href=\"https:\/\/www.ecsfortunette.fr\/index.php\/obeissance-2\" target=\"_self\" data-cp-link=\"1\" rel=\"noopener\">D\u00c9COUVRIR<\/a><img  class=\"custom-image\" src=\"https:\/\/www.ecsfortunette.fr\/wp-content\/uploads\/2024\/08\/cropped-cropped-Capture-decran-du-2024-08-30-16-47-33-1.png\" alt=\"\" title=\"cropped-cropped-Capture-decran-du-2024-08-30-16-47-33-1.png\"><\/div> <\/div><\/div> <\/div><\/div>","protected":false},"excerpt":{"rendered":"<p>EDUCATION CANINED\u00c9COUVRIRHOOPERSDECOUVRIR AGILITY D\u00c9COUVRIR OBEISSANCED\u00c9COUVRIR<\/p>\n","protected":false},"author":1,"featured_media":0,"parent":0,"menu_order":0,"comment_status":"closed","ping_status":"closed","template":"","meta":[],"_links":{"self":[{"href":"https:\/\/www.ecsfortunette.fr\/index.php\/wp-json\/wp\/v2\/pages\/414"}],"collection":[{"href":"https:\/\/www.ecsfortunette.fr\/index.php\/wp-json\/wp\/v2\/pages"}],"about":[{"href":"https:\/\/www.ecsfortunette.fr\/index.php\/wp-json\/wp\/v2\/types\/page"}],"author":[{"embeddable":true,"href":"https:\/\/www.ecsfortunette.fr\/index.php\/wp-json\/wp\/v2\/users\/1"}],"replies":[{"embeddable":true,"href":"https:\/\/www.ecsfortunette.fr\/index.php\/wp-json\/wp\/v2\/comments?post=414"}],"version-history":[{"count":27,"href":"https:\/\/www.ecsfortunette.fr\/index.php\/wp-json\/wp\/v2\/pages\/414\/revisions"}],"predecessor-version":[{"id":2213,"href":"https:\/\/www.ecsfortunette.fr\/index.php\/wp-json\/wp\/v2\/pages\/414\/revisions\/2213"}],"wp:attachment":[{"href":"https:\/\/www.ecsfortunette.fr\/index.php\/wp-json\/wp\/v2\/media?parent=414"}],"curies":[{"name":"wp","href":"https:\/\/api.w.org\/{rel}","templated":true}]}}