{"id":537,"date":"2019-04-06T13:57:36","date_gmt":"2019-04-06T11:57:36","guid":{"rendered":"https:\/\/www.ecsfortunette.fr\/?page_id=537"},"modified":"2026-01-06T19:55:04","modified_gmt":"2026-01-06T18:55:04","slug":"calendrier-2019","status":"publish","type":"page","link":"https:\/\/www.ecsfortunette.fr\/index.php\/calendrier-2019\/","title":{"rendered":"Calendrier 2026"},"content":{"rendered":"\n<p class=\"has-vivid-cyan-blue-color has-very-light-gray-background-color has-text-color has-background has-large-font-size\">JANVIER<\/p>\n\n\n\n<p class=\"has-very-dark-gray-color has-text-color\">Inscription 2026 : tous les dimanches, renouvellement avant le 01\/02<\/p>\n\n\n\n<p class=\"has-vivid-cyan-blue-color has-very-light-gray-background-color has-text-color has-background has-large-font-size\">FEVRIER<\/p>\n\n\n\n<p class=\"has-vivid-cyan-blue-color has-very-light-gray-background-color has-text-color has-background has-large-font-size\">MARS<\/p>\n\n\n\n<p class=\"has-vivid-cyan-blue-color has-very-light-gray-background-color has-text-color has-background has-large-font-size\">AVRIL<\/p>\n\n\n\n<p class=\"has-black-color has-text-color\"><strong>AG 2025 : 12 avril \u00e0 11h00<\/strong><\/p>\n\n\n\n<p class=\"has-vivid-cyan-blue-color has-very-light-gray-background-color has-text-color has-background has-large-font-size\">MAI<\/p>\n\n\n\n<p class=\"has-very-dark-gray-color has-text-color has-medium-font-size\"><strong>31 : CONCOURS AGILITY <\/strong><\/p>\n\n\n\n<p class=\"has-vivid-cyan-blue-color has-very-light-gray-background-color has-text-color has-background has-large-font-size\">JUIN<\/p>\n\n\n\n<p class=\"has-black-color has-text-color\"><strong>21 : concours ob\u00e9issance<\/strong> (blanc)<\/p>\n\n\n\n<p class=\"has-vivid-cyan-blue-color has-very-light-gray-background-color has-text-color has-background has-large-font-size\">JUILLET <\/p>\n\n\n\n<p class=\"has-black-color has-text-color\"><strong>Dimanche 19 juillet : dernier cours d&rsquo;\u00e9ducation.<\/strong><br><\/p>\n\n\n\n<p class=\"has-vivid-cyan-blue-color has-very-light-gray-background-color has-text-color has-background has-large-font-size\">AO\u00dbT<\/p>\n\n\n\n<p class=\"has-very-dark-gray-color has-text-color\"><\/p>\n\n\n\n<p class=\"has-vivid-cyan-blue-color has-very-light-gray-background-color has-text-color has-background has-large-font-size\">SEPTEMBRE<br><\/p>\n\n\n\n<p class=\"has-black-color has-text-color\"><strong>Dimanche 6 Septembre : reprise des cours d&rsquo;\u00e9ducation.<\/strong><\/p>\n\n\n\n<p class=\"has-vivid-cyan-blue-color has-very-light-gray-background-color has-text-color has-background has-large-font-size\">OCTOBRE<br><\/p>\n\n\n\n<p class=\"has-black-color has-text-color\"><strong>03 : CONCOURS HOOPERS<\/strong><\/p>\n\n\n\n<p class=\"has-vivid-cyan-blue-color has-very-light-gray-background-color has-text-color has-background has-large-font-size\">NOVEMBRE<br><\/p>\n\n\n\n<p class=\"has-vivid-cyan-blue-color has-very-light-gray-background-color has-text-color has-background has-large-font-size\">DECEMBRE<br><\/p>\n\n\n\n<p class=\"has-very-dark-gray-color has-text-color\">dernier cours 2026 le dimanche 20. Reprise des cours d&rsquo;\u00e9ducation le dimanche 10 janvier 2027<\/p>\n","protected":false},"excerpt":{"rendered":"<p>JANVIER Inscription 2026 : tous les dimanches, renouvellement avant le 01\/02 FEVRIER MARS AVRIL AG 2025 : 12 avril \u00e0 11h00 MAI 31 : CONCOURS AGILITY JUIN 21 : concours ob\u00e9issance (blanc) JUILLET Dimanche 19 juillet : dernier cours d&rsquo;\u00e9ducation. AO\u00dbT SEPTEMBRE Dimanche 6 Septembre : reprise des cours d&rsquo;\u00e9ducation. OCTOBRE 03 : CONCOURS HOOPERS&hellip; <br \/> <a class=\"read-more\" href=\"https:\/\/www.ecsfortunette.fr\/index.php\/calendrier-2019\/\">Lire la suite<\/a><\/p>\n","protected":false},"author":1,"featured_media":0,"parent":0,"menu_order":0,"comment_status":"closed","ping_status":"closed","template":"","meta":[],"_links":{"self":[{"href":"https:\/\/www.ecsfortunette.fr\/index.php\/wp-json\/wp\/v2\/pages\/537"}],"collection":[{"href":"https:\/\/www.ecsfortunette.fr\/index.php\/wp-json\/wp\/v2\/pages"}],"about":[{"href":"https:\/\/www.ecsfortunette.fr\/index.php\/wp-json\/wp\/v2\/types\/page"}],"author":[{"embeddable":true,"href":"https:\/\/www.ecsfortunette.fr\/index.php\/wp-json\/wp\/v2\/users\/1"}],"replies":[{"embeddable":true,"href":"https:\/\/www.ecsfortunette.fr\/index.php\/wp-json\/wp\/v2\/comments?post=537"}],"version-history":[{"count":36,"href":"https:\/\/www.ecsfortunette.fr\/index.php\/wp-json\/wp\/v2\/pages\/537\/revisions"}],"predecessor-version":[{"id":2272,"href":"https:\/\/www.ecsfortunette.fr\/index.php\/wp-json\/wp\/v2\/pages\/537\/revisions\/2272"}],"wp:attachment":[{"href":"https:\/\/www.ecsfortunette.fr\/index.php\/wp-json\/wp\/v2\/media?parent=537"}],"curies":[{"name":"wp","href":"https:\/\/api.w.org\/{rel}","templated":true}]}}