{"id":568,"date":"2019-04-06T18:21:05","date_gmt":"2019-04-06T16:21:05","guid":{"rendered":"https:\/\/www.ecsfortunette.fr\/?page_id=568"},"modified":"2022-06-06T15:31:17","modified_gmt":"2022-06-06T13:31:17","slug":"preparation-au-csau","status":"publish","type":"page","link":"https:\/\/www.ecsfortunette.fr\/index.php\/preparation-au-csau\/","title":{"rendered":"Pr\u00e9paration au CSAU"},"content":{"rendered":"\n<p class=\"has-very-dark-gray-color has-text-color\">Le club propose aux volontaires une pr\u00e9paration au CSAU<\/p>\n\n\n\n<p class=\"has-very-dark-gray-color has-text-color\">Le certificat de sociabilit\u00e9 et&nbsp;d\u2019aptitude \u00e0 l\u2019utilisation ou CSAU\n est ouvert \u00e0 tous les propri\u00e9taires de&nbsp;chiens, avec ou sans inscription\n \u00e0 un Livre des Origines (L.O.),&nbsp;qu\u2019ils&nbsp;soient adh\u00e9rents ou non&nbsp;d\u2019un \nclub d\u2019utilisation ou de race.&nbsp;<\/p>\n\n\n\n<p class=\"has-very-dark-gray-color has-text-color\">La vocation premi\u00e8re du <strong>Certificat de Sociabilit\u00e9  et d&rsquo;Aptitude \u00e0 l&rsquo;Utilisation<\/strong> (C.S.A.U.) est de v\u00e9rifier  l&rsquo;\u00e9quilibre caract\u00e9riel du chien, sa sociabilit\u00e9  et l&rsquo;aptitude du ma\u00eetre \u00e0 exercer le contr\u00f4le de son animal. <\/p>\n\n\n\n<p class=\"has-very-dark-gray-color has-text-color\"><strong>Pourquoi ?<\/strong><br> S\u2019assurer de l\u2019\u00e9quilibre et de la sociabilit\u00e9 du chien, s\u2019assurer du  contr\u00f4le exerc\u00e9 par le ma\u00eetre. C\u2019est aussi mettre un terme aux campagnes  anti-chiens et donner une bonne image du chien. L\u2019objectif est de voir  si le chien \u00e9t\u00e9 son ma\u00eetre peuvent \u00eatre consid\u00e9r\u00e9s comme des \u00eatres  sociables et \u00e9duqu\u00e9s. Le chien devra montrer un comportement serein tout  au long de l\u2019\u00e9preuve. Le juge sera particuli\u00e8rement attentif \u00e0 son  attitude lorsqu\u2019il c\u00f4toie un groupe de personnes et d\u2019autres chiens.<br> C\u2019est aussi le 1er \u00e9chelon des \u00e9preuves d\u2019utilisation, le passage obligatoire avant de passer toute autre \u00e9preuve de travail. Il peut \u00e9galement \u00eatre exig\u00e9 dans les campings, h\u00f4tels etc&#8230;<\/p>\n\n\n\n<p class=\"has-very-dark-gray-color has-text-color\"><strong>O\u00f9 se d\u00e9roule t-il ?<\/strong><br>\nSur les terrains d\u2019entra\u00eenements des clubs canins<br>\nSur les terrains de manifestations de s\u00e9lection des clubs de races<\/p>\n\n\n\n<p class=\"has-very-dark-gray-color has-text-color\"><strong>Appr\u00e9ciations ?<\/strong><br>\nApte accompagn\u00e9 d\u2019un qualificatif Excellent, Tr\u00e8s bon, Bon.<br>\nAjourn\u00e9 : pourra le passer ult\u00e9rieurement.<\/p>\n\n\n\n<p class=\"has-very-dark-gray-color has-text-color\"><strong>Papiers \u00e0 pr\u00e9senter ?<\/strong><br>\nCertificat de naissance (non obligatoire)<br>\nCarte de tatouage (obligatoire)<br>\nCarnet de travail (non obligatoire)<\/p>\n\n\n\n<p class=\"has-very-dark-gray-color has-text-color\"><strong>Prix ?<\/strong><br>\nUn quinzaine d\u2019euros.<\/p>\n\n\n\n<p class=\"has-very-dark-gray-color has-text-color\">Tous les chiens, sans exception, doivent \u00eatre \u00e2g\u00e9s de 12 mois r\u00e9volus le jour de l\u2019examen et pr\u00e9sent\u00e9s par leur propri\u00e9taire. Ces crit\u00e8res sont \u00e0 v\u00e9rifier par le juge avant le d\u00e9but des tests.<\/p>\n\n\n\n<p><a rel=\"noreferrer noopener\" aria-label=\" (s\u2019ouvre dans un nouvel onglet)\" href=\"https:\/\/www.centrale-canine.fr\/sites\/default\/files\/2017-11\/20171127%20Nouveau%20protocole%20CSAU.pdf\" target=\"_blank\">Nouveau protocole CSAU<\/a><\/p>\n\n\n\n<figure class=\"wp-block-image\"><img loading=\"lazy\" width=\"436\" height=\"599\" src=\"https:\/\/www.ecsfortunette.fr\/wp-content\/uploads\/2019\/04\/csau-001-1.jpg\" alt=\"\" class=\"wp-image-572\"\/><\/figure>\n","protected":false},"excerpt":{"rendered":"<p>Le club propose aux volontaires une pr\u00e9paration au CSAU Le certificat de sociabilit\u00e9 et&nbsp;d\u2019aptitude \u00e0 l\u2019utilisation ou CSAU est ouvert \u00e0 tous les propri\u00e9taires de&nbsp;chiens, avec ou sans inscription \u00e0 un Livre des Origines (L.O.),&nbsp;qu\u2019ils&nbsp;soient adh\u00e9rents ou non&nbsp;d\u2019un club d\u2019utilisation ou de race.&nbsp; La vocation premi\u00e8re du Certificat de Sociabilit\u00e9 et d&rsquo;Aptitude \u00e0 l&rsquo;Utilisation (C.S.A.U.)&hellip; <br \/> <a class=\"read-more\" href=\"https:\/\/www.ecsfortunette.fr\/index.php\/preparation-au-csau\/\">Lire la suite<\/a><\/p>\n","protected":false},"author":1,"featured_media":0,"parent":0,"menu_order":0,"comment_status":"closed","ping_status":"closed","template":"","meta":[],"_links":{"self":[{"href":"https:\/\/www.ecsfortunette.fr\/index.php\/wp-json\/wp\/v2\/pages\/568"}],"collection":[{"href":"https:\/\/www.ecsfortunette.fr\/index.php\/wp-json\/wp\/v2\/pages"}],"about":[{"href":"https:\/\/www.ecsfortunette.fr\/index.php\/wp-json\/wp\/v2\/types\/page"}],"author":[{"embeddable":true,"href":"https:\/\/www.ecsfortunette.fr\/index.php\/wp-json\/wp\/v2\/users\/1"}],"replies":[{"embeddable":true,"href":"https:\/\/www.ecsfortunette.fr\/index.php\/wp-json\/wp\/v2\/comments?post=568"}],"version-history":[{"count":7,"href":"https:\/\/www.ecsfortunette.fr\/index.php\/wp-json\/wp\/v2\/pages\/568\/revisions"}],"predecessor-version":[{"id":1724,"href":"https:\/\/www.ecsfortunette.fr\/index.php\/wp-json\/wp\/v2\/pages\/568\/revisions\/1724"}],"wp:attachment":[{"href":"https:\/\/www.ecsfortunette.fr\/index.php\/wp-json\/wp\/v2\/media?parent=568"}],"curies":[{"name":"wp","href":"https:\/\/api.w.org\/{rel}","templated":true}]}}