{"id":634,"date":"2019-04-07T22:40:10","date_gmt":"2019-04-07T20:40:10","guid":{"rendered":"https:\/\/www.ecsfortunette.fr\/?page_id=634"},"modified":"2024-12-16T21:42:12","modified_gmt":"2024-12-16T20:42:12","slug":"ques-ce-que-lagility","status":"publish","type":"page","link":"https:\/\/www.ecsfortunette.fr\/index.php\/ques-ce-que-lagility\/","title":{"rendered":"Qu&rsquo;est-ce que l&rsquo;agility?"},"content":{"rendered":"\n<p class=\"has-very-dark-gray-color has-text-color\">L&rsquo;Agility est un sport canin, un jeu \u00e0 deux.&nbsp;<\/p>\n\n\n\n<p class=\"has-very-dark-gray-color has-text-color\">L&rsquo;Agility  est une course d&rsquo;obstacles parcourus par le chien, sans laisse&nbsp; ni  collier, guid\u00e9 par son ma\u00eetre, \u00e0 l&rsquo;aide du geste ou de la voix. <\/p>\n\n\n\n<p class=\"has-very-dark-gray-color has-text-color\">\nLa discipline est sous l&rsquo;autorit\u00e9 de la CNEAC  <a rel=\"noreferrer noopener\" href=\"http:\/\/activites-canines.com\/\" target=\"_blank\">http:\/\/activites-canines.com\/<\/a><\/p>\n\n\n\n<p class=\"has-very-dark-gray-color has-text-color\"><strong>&nbsp;&nbsp;&nbsp;&nbsp; L\u2019agility<\/strong>,\n signifiant tout simplement \u00ab&nbsp;agilit\u00e9&nbsp;\u00bb en anglais, est un sport canin, \ndans lequel le chien \u00e9volue sur un parcours d\u2019obstacles sous la conduite\n de son ma\u00eetre. Ce dernier n\u2019a que l\u2019usage de sa voix, de ses gestes et \nde ses jambes pour lui indiquer le parcours pr\u00e9alablement d\u00e9fini par le \njuge. Le chrono tourne alors il faut trouver le chemin le plus rapide en\n \u00e9vitant les pi\u00e8ges&nbsp;! Pratiqu\u00e9 dans plus de 500 clubs en France, il \nmarie habilet\u00e9, pr\u00e9cision, rapidit\u00e9 et \u00e0, parfois, beaucoup d\u2019humour et \nde dr\u00f4lerie.<\/p>\n\n\n\n<p class=\"has-very-dark-gray-color has-text-color\">&nbsp;&nbsp;&nbsp;&nbsp;\n Jeu \u00e9ducatif et sportif, cette discipline ouverte \u00e0 tous les chiens de \ntoutes races LOF ou non, quelque soit leur taille, compl\u00e8te parfaitement\n l\u2019\u00e9ducation. Elle permet d\u2019apprendre en s\u2019amusant et favorise la bonne \nint\u00e9gration de nos compagnons dans la soci\u00e9t\u00e9.<\/p>\n\n\n\n<p class=\"has-very-dark-gray-color has-text-color\">\u00a0\u00a0\u00a0\u00a0 Quatre cat\u00e9gories permettent d\u2019adapter la hauteur des sauts \u00e0 la taille et la v\u00e9locit\u00e9 des chiens\u00a0: <br> \u00a0<strong>Cat\u00e9gorie S<\/strong> pour les chiens de moins 37cm au garrot. Hauteur des sauts 30 cm. <br> \u00a0<strong>Cat\u00e9gorie M <\/strong>pour les chiens de 35cm et moins de 43cm au garrot. Hauteur des sauts 40 cm. <br> \u00a0<strong>Cat\u00e9gorie I <\/strong> pour les chiens de 43cm et moins de 48cm au garrot. Hauteur des sauts 50 cm. <br> \u00a0<strong>Cat\u00e9gorie L<\/strong>  pour les chiens de 48cm et plus au garrot. Hauteur des sauts 60 cm. <\/p>\n\n\n\n<p class=\"has-very-dark-gray-color has-text-color\">Les enfants (jeunes Conducteurs) de moins 14 ans \u00e9voluent eux aussi comme les grands, sur les m\u00eames parcours mais dans leurs propres cat\u00e9gories (poussins pour les moins de 11 ans et juniors pour les enfants de 11 \u00e0 14 ans) avec leurs propres chiens.<\/p>\n\n\n\n<p class=\"has-very-dark-gray-color has-text-color\">Le trac\u00e9 des parcours est laiss\u00e9 \u00e0 l\u2019initiative du juge qui r\u00e9alise celui-ci conform\u00e9ment au r\u00e8glement de la S.C.C. (Soci\u00e9t\u00e9 Centrale Canine) en vigueur. Pour cela, il a \u00e0 sa disposition des haies, des tunnels (souple et rigide), une passerelle, une palissade, une balan\u00e7oire, un pneu, un slalom, un saut en longueur.<\/p>\n\n\n\n<p class=\"has-very-dark-gray-color has-text-color\">&nbsp;&nbsp;&nbsp;&nbsp;\n La bonne harmonie entre le chien et son ma\u00eetre aboutit \u00e0 une entente \nparfaite de l\u2019\u00e9quipe et n\u00e9cessite, pour les participants, de poss\u00e9der \ndes bases \u00e9l\u00e9mentaires d\u2019\u00e9ducation et d\u2019ob\u00e9issance.<\/p>\n\n\n\n<ul><li><a href=\"https:\/\/activites-canines.com\/wp-content\/uploads\/dlm_uploads\/2024\/02\/Reglement-agility-SCC-et-FCI-2023-corrige-janvier-2024.pdf\" target=\"_blank\" rel=\"noreferrer noopener\">r\u00e8glement agility<\/a><\/li><\/ul>\n","protected":false},"excerpt":{"rendered":"<p>L&rsquo;Agility est un sport canin, un jeu \u00e0 deux.&nbsp; L&rsquo;Agility est une course d&rsquo;obstacles parcourus par le chien, sans laisse&nbsp; ni collier, guid\u00e9 par son ma\u00eetre, \u00e0 l&rsquo;aide du geste ou de la voix. La discipline est sous l&rsquo;autorit\u00e9 de la CNEAC http:\/\/activites-canines.com\/ &nbsp;&nbsp;&nbsp;&nbsp; L\u2019agility, signifiant tout simplement \u00ab&nbsp;agilit\u00e9&nbsp;\u00bb en anglais, est un sport canin,&hellip; <br \/> <a class=\"read-more\" href=\"https:\/\/www.ecsfortunette.fr\/index.php\/ques-ce-que-lagility\/\">Lire la suite<\/a><\/p>\n","protected":false},"author":1,"featured_media":0,"parent":0,"menu_order":0,"comment_status":"closed","ping_status":"closed","template":"","meta":[],"_links":{"self":[{"href":"https:\/\/www.ecsfortunette.fr\/index.php\/wp-json\/wp\/v2\/pages\/634"}],"collection":[{"href":"https:\/\/www.ecsfortunette.fr\/index.php\/wp-json\/wp\/v2\/pages"}],"about":[{"href":"https:\/\/www.ecsfortunette.fr\/index.php\/wp-json\/wp\/v2\/types\/page"}],"author":[{"embeddable":true,"href":"https:\/\/www.ecsfortunette.fr\/index.php\/wp-json\/wp\/v2\/users\/1"}],"replies":[{"embeddable":true,"href":"https:\/\/www.ecsfortunette.fr\/index.php\/wp-json\/wp\/v2\/comments?post=634"}],"version-history":[{"count":10,"href":"https:\/\/www.ecsfortunette.fr\/index.php\/wp-json\/wp\/v2\/pages\/634\/revisions"}],"predecessor-version":[{"id":2240,"href":"https:\/\/www.ecsfortunette.fr\/index.php\/wp-json\/wp\/v2\/pages\/634\/revisions\/2240"}],"wp:attachment":[{"href":"https:\/\/www.ecsfortunette.fr\/index.php\/wp-json\/wp\/v2\/media?parent=634"}],"curies":[{"name":"wp","href":"https:\/\/api.w.org\/{rel}","templated":true}]}}