{"id":70,"date":"2019-02-01T21:58:07","date_gmt":"2019-02-01T20:58:07","guid":{"rendered":"https:\/\/www.ecsfortunette.fr\/?page_id=70"},"modified":"2024-08-30T16:31:41","modified_gmt":"2024-08-30T14:31:41","slug":"presentation","status":"publish","type":"page","link":"https:\/\/www.ecsfortunette.fr\/index.php\/presentation\/","title":{"rendered":"Pr\u00e9sentation"},"content":{"rendered":"\n<p class=\"has-black-color has-text-color\">Le club ECSF se situe dans le bois de Fortunette situ\u00e9 entre les bourgs de la Renaudi\u00e8re et de Tilli\u00e8res.<\/p>\n\n\n\n<p class=\"has-black-color has-text-color\">Le cadre arbor\u00e9 offre un grand terrain avec plusieurs parcs de d\u00e9tente, des parcs de travail, un pr\u00e9au et un b\u00e2timent administratif.<\/p>\n\n\n\n<p class=\"has-black-color has-text-color\">Le club propose d&rsquo;\u00e9duquer le chien et de former le ma\u00eetre afin de trouver un \u00e9quilibre dans leur relation. Votre chien pourra \u00e9galement apprendre la sociabilit\u00e9 avec les autres chiens et les humains.<\/p>\n\n\n\n<p class=\"has-black-color has-text-color\">L&rsquo;\u00e9ducation est la base de toute activit\u00e9 canine. Le club propose de vous accompagner pour obtenir le dipl\u00f4me CSAU.<\/p>\n\n\n\n<p class=\"has-black-color has-text-color\">En faisant partie de la CNEAC, nous avons des sections de sports canins : agility et ob\u00e9issance.<\/p>\n\n\n\n<p class=\"has-black-color has-text-color\">Des moniteurs proposent \u00e9galement une initiation au Hoopers et au Flyball.<\/p>\n\n\n\n<p class=\"has-black-color has-text-color\">Le Club est une association enti\u00e8rement g\u00e9r\u00e9e par des b\u00e9n\u00e9voles c&rsquo;est pourquoi&nbsp;nous serons amen\u00e9s \u00e0 vous solliciter pour nous donner un coup de main, pour l&rsquo;organisation des concours, l&rsquo;entretien des terrains, des espaces verts, des locaux, &#8230;. Nous vous en serons grandement reconnaissants.<\/p>\n\n\n<div class=\"wp-block-image\">\n<figure class=\"aligncenter\"><img loading=\"lazy\" width=\"835\" height=\"681\" src=\"https:\/\/www.ecsfortunette.fr\/wp-content\/uploads\/2019\/06\/Capture-maps.jpg\" alt=\"\" class=\"wp-image-952\" srcset=\"https:\/\/www.ecsfortunette.fr\/wp-content\/uploads\/2019\/06\/Capture-maps.jpg 835w, https:\/\/www.ecsfortunette.fr\/wp-content\/uploads\/2019\/06\/Capture-maps-448x365.jpg 448w, https:\/\/www.ecsfortunette.fr\/wp-content\/uploads\/2019\/06\/Capture-maps-768x626.jpg 768w\" sizes=\"(max-width: 835px) 100vw, 835px\" \/><\/figure><\/div>\n\n<div class=\"wp-block-image\">\n<figure class=\"alignleft size-full is-resized\"><img loading=\"lazy\" src=\"https:\/\/www.ecsfortunette.fr\/wp-content\/uploads\/2022\/06\/arc-en-ciel-terrain-rev2.jpg\" alt=\"\" class=\"wp-image-1732\" width=\"444\" height=\"255\"\/><\/figure><\/div>\n\n\n<div class=\"wp-container-1 is-vertical is-nowrap wp-block-group\"><\/div>\n\n\n<div class=\"wp-block-image\">\n<figure class=\"alignleft size-large is-resized\"><img loading=\"lazy\" src=\"https:\/\/www.ecsfortunette.fr\/wp-content\/uploads\/2020\/01\/terrain_intermedairebis-840x560.jpg\" alt=\"\" class=\"wp-image-1198\" width=\"446\" height=\"297\" srcset=\"https:\/\/www.ecsfortunette.fr\/wp-content\/uploads\/2020\/01\/terrain_intermedairebis-840x560.jpg 840w, https:\/\/www.ecsfortunette.fr\/wp-content\/uploads\/2020\/01\/terrain_intermedairebis-548x365.jpg 548w, https:\/\/www.ecsfortunette.fr\/wp-content\/uploads\/2020\/01\/terrain_intermedairebis-768x512.jpg 768w, https:\/\/www.ecsfortunette.fr\/wp-content\/uploads\/2020\/01\/terrain_intermedairebis-1024x683.jpg 1024w, https:\/\/www.ecsfortunette.fr\/wp-content\/uploads\/2020\/01\/terrain_intermedairebis-1620x1080.jpg 1620w, https:\/\/www.ecsfortunette.fr\/wp-content\/uploads\/2020\/01\/terrain_intermedairebis-1320x880.jpg 1320w\" sizes=\"(max-width: 446px) 100vw, 446px\" \/><\/figure><\/div>\n\n\n<figure class=\"wp-block-image size-full is-resized\"><img loading=\"lazy\" src=\"https:\/\/www.ecsfortunette.fr\/wp-content\/uploads\/2021\/01\/parc-chiots10d.jpg\" alt=\"\" class=\"wp-image-1460\" width=\"445\" height=\"333\" srcset=\"https:\/\/www.ecsfortunette.fr\/wp-content\/uploads\/2021\/01\/parc-chiots10d.jpg 600w, https:\/\/www.ecsfortunette.fr\/wp-content\/uploads\/2021\/01\/parc-chiots10d-487x365.jpg 487w\" sizes=\"(max-width: 445px) 100vw, 445px\" \/><\/figure>\n\n\n\n<figure class=\"wp-block-image size-large\"><img loading=\"lazy\" width=\"594\" height=\"840\" src=\"https:\/\/www.ecsfortunette.fr\/wp-content\/uploads\/2024\/08\/Eduquer-son-chien2-594x840.png\" alt=\"\" class=\"wp-image-2182\" srcset=\"https:\/\/www.ecsfortunette.fr\/wp-content\/uploads\/2024\/08\/Eduquer-son-chien2-594x840.png 594w, https:\/\/www.ecsfortunette.fr\/wp-content\/uploads\/2024\/08\/Eduquer-son-chien2-258x365.png 258w, https:\/\/www.ecsfortunette.fr\/wp-content\/uploads\/2024\/08\/Eduquer-son-chien2-768x1086.png 768w, https:\/\/www.ecsfortunette.fr\/wp-content\/uploads\/2024\/08\/Eduquer-son-chien2-1086x1536.png 1086w, https:\/\/www.ecsfortunette.fr\/wp-content\/uploads\/2024\/08\/Eduquer-son-chien2-1448x2048.png 1448w, https:\/\/www.ecsfortunette.fr\/wp-content\/uploads\/2024\/08\/Eduquer-son-chien2-1024x1449.png 1024w, https:\/\/www.ecsfortunette.fr\/wp-content\/uploads\/2024\/08\/Eduquer-son-chien2-763x1080.png 763w, https:\/\/www.ecsfortunette.fr\/wp-content\/uploads\/2024\/08\/Eduquer-son-chien2.png 1587w\" sizes=\"(max-width: 594px) 100vw, 594px\" \/><\/figure>\n","protected":false},"excerpt":{"rendered":"<p>Le club ECSF se situe dans le bois de Fortunette situ\u00e9 entre les bourgs de la Renaudi\u00e8re et de Tilli\u00e8res. Le cadre arbor\u00e9 offre un grand terrain avec plusieurs parcs de d\u00e9tente, des parcs de travail, un pr\u00e9au et un b\u00e2timent administratif. Le club propose d&rsquo;\u00e9duquer le chien et de former le ma\u00eetre afin de&hellip; <br \/> <a class=\"read-more\" href=\"https:\/\/www.ecsfortunette.fr\/index.php\/presentation\/\">Lire la suite<\/a><\/p>\n","protected":false},"author":1,"featured_media":0,"parent":0,"menu_order":0,"comment_status":"closed","ping_status":"closed","template":"","meta":[],"_links":{"self":[{"href":"https:\/\/www.ecsfortunette.fr\/index.php\/wp-json\/wp\/v2\/pages\/70"}],"collection":[{"href":"https:\/\/www.ecsfortunette.fr\/index.php\/wp-json\/wp\/v2\/pages"}],"about":[{"href":"https:\/\/www.ecsfortunette.fr\/index.php\/wp-json\/wp\/v2\/types\/page"}],"author":[{"embeddable":true,"href":"https:\/\/www.ecsfortunette.fr\/index.php\/wp-json\/wp\/v2\/users\/1"}],"replies":[{"embeddable":true,"href":"https:\/\/www.ecsfortunette.fr\/index.php\/wp-json\/wp\/v2\/comments?post=70"}],"version-history":[{"count":18,"href":"https:\/\/www.ecsfortunette.fr\/index.php\/wp-json\/wp\/v2\/pages\/70\/revisions"}],"predecessor-version":[{"id":2184,"href":"https:\/\/www.ecsfortunette.fr\/index.php\/wp-json\/wp\/v2\/pages\/70\/revisions\/2184"}],"wp:attachment":[{"href":"https:\/\/www.ecsfortunette.fr\/index.php\/wp-json\/wp\/v2\/media?parent=70"}],"curies":[{"name":"wp","href":"https:\/\/api.w.org\/{rel}","templated":true}]}}