{"id":762,"date":"2019-04-11T22:53:16","date_gmt":"2019-04-11T20:53:16","guid":{"rendered":"https:\/\/www.ecsfortunette.fr\/?page_id=762"},"modified":"2025-05-04T21:36:26","modified_gmt":"2025-05-04T19:36:26","slug":"les-resultats-agility","status":"publish","type":"page","link":"https:\/\/www.ecsfortunette.fr\/index.php\/les-resultats-agility\/","title":{"rendered":"Les r\u00e9sultats agility"},"content":{"rendered":"\n<p class=\"has-black-color has-text-color has-large-font-size\">2025<\/p>\n\n\n\n<p class=\"has-black-color has-text-color\">St\u00e9phanie &amp; RAZZIA ont particip\u00e9 aux S\u00e9lectifs EO-AWC (servant \u00e0 s\u00e9lectionner les \u00c9quipes de France qui participeront :<\/p>\n\n\n\n<p class=\"has-black-color has-text-color\">\u00e0 l\u2019EO (European Open)<\/p>\n\n\n\n<p class=\"has-black-color has-text-color\">\u00e0 l\u2019AWC (Agility World Championship \/ Championnat du Monde d\u2019Agility))<\/p>\n\n\n\n<figure class=\"wp-block-image size-large is-resized\"><img loading=\"lazy\" src=\"https:\/\/www.ecsfortunette.fr\/wp-content\/uploads\/2025\/05\/StephRazzia-840x560.jpg\" alt=\"\" class=\"wp-image-2267\" width=\"341\" height=\"227\" srcset=\"https:\/\/www.ecsfortunette.fr\/wp-content\/uploads\/2025\/05\/StephRazzia-840x560.jpg 840w, https:\/\/www.ecsfortunette.fr\/wp-content\/uploads\/2025\/05\/StephRazzia-548x365.jpg 548w, https:\/\/www.ecsfortunette.fr\/wp-content\/uploads\/2025\/05\/StephRazzia-768x512.jpg 768w, https:\/\/www.ecsfortunette.fr\/wp-content\/uploads\/2025\/05\/StephRazzia-1536x1023.jpg 1536w, https:\/\/www.ecsfortunette.fr\/wp-content\/uploads\/2025\/05\/StephRazzia-1024x682.jpg 1024w, https:\/\/www.ecsfortunette.fr\/wp-content\/uploads\/2025\/05\/StephRazzia.jpg 1600w\" sizes=\"(max-width: 341px) 100vw, 341px\" \/><\/figure>\n\n\n\n<p class=\"has-black-color has-text-color\">2 nouveaux bin\u00f4mes ont eu leur PASS Agility en ce d\u00e9but d&rsquo;ann\u00e9e : Cyril &amp; UZU ainsi qu&rsquo;Erwan &amp; ULWEN<\/p>\n\n\n\n<figure class=\"wp-block-image size-large is-resized\"><img loading=\"lazy\" src=\"https:\/\/www.ecsfortunette.fr\/wp-content\/uploads\/2025\/05\/CyrilUZU-edited-630x840.jpg\" alt=\"\" class=\"wp-image-2263\" width=\"199\" height=\"265\" srcset=\"https:\/\/www.ecsfortunette.fr\/wp-content\/uploads\/2025\/05\/CyrilUZU-edited-630x840.jpg 630w, https:\/\/www.ecsfortunette.fr\/wp-content\/uploads\/2025\/05\/CyrilUZU-edited-274x365.jpg 274w, https:\/\/www.ecsfortunette.fr\/wp-content\/uploads\/2025\/05\/CyrilUZU-edited-768x1024.jpg 768w, https:\/\/www.ecsfortunette.fr\/wp-content\/uploads\/2025\/05\/CyrilUZU-edited-1024x1365.jpg 1024w, https:\/\/www.ecsfortunette.fr\/wp-content\/uploads\/2025\/05\/CyrilUZU-edited-810x1080.jpg 810w, https:\/\/www.ecsfortunette.fr\/wp-content\/uploads\/2025\/05\/CyrilUZU-edited.jpg 1082w\" sizes=\"(max-width: 199px) 100vw, 199px\" \/><\/figure>\n\n\n\n<figure class=\"wp-block-image size-large is-resized\"><img loading=\"lazy\" src=\"https:\/\/www.ecsfortunette.fr\/wp-content\/uploads\/2025\/05\/ErwanUlwen-edited-1-629x840.jpg\" alt=\"\" class=\"wp-image-2260\" width=\"201\" height=\"268\" srcset=\"https:\/\/www.ecsfortunette.fr\/wp-content\/uploads\/2025\/05\/ErwanUlwen-edited-1-629x840.jpg 629w, https:\/\/www.ecsfortunette.fr\/wp-content\/uploads\/2025\/05\/ErwanUlwen-edited-1-273x365.jpg 273w, https:\/\/www.ecsfortunette.fr\/wp-content\/uploads\/2025\/05\/ErwanUlwen-edited-1-768x1025.jpg 768w, https:\/\/www.ecsfortunette.fr\/wp-content\/uploads\/2025\/05\/ErwanUlwen-edited-1-809x1080.jpg 809w, https:\/\/www.ecsfortunette.fr\/wp-content\/uploads\/2025\/05\/ErwanUlwen-edited-1.jpg 833w\" sizes=\"(max-width: 201px) 100vw, 201px\" \/><\/figure>\n\n\n\n<p class=\"has-black-color has-text-color has-large-font-size\">2024<\/p>\n\n\n\n<p class=\"has-black-color has-text-color\">Marie Louise et Scot obtiennent leur CSAU et PASS agility: en avant pour les concours!<\/p>\n\n\n\n<figure class=\"wp-block-image size-full\"><img loading=\"lazy\" width=\"291\" height=\"295\" src=\"https:\/\/www.ecsfortunette.fr\/wp-content\/uploads\/2024\/12\/MLScot.png\" alt=\"\" class=\"wp-image-2243\"\/><\/figure>\n\n\n\n<p class=\"has-black-color has-text-color has-large-font-size\">2023<\/p>\n\n\n\n<p class=\"has-black-color has-text-color\">Cyril et St\u00e9phanie qui finissent sur le podium du s\u00e9lectif Grand Prix de France d&rsquo;agility qui s&rsquo;est d\u00e9roul\u00e9 dimanche dernier au club de l&rsquo;ASAEC. Cyril et Milo finissent premier et St\u00e9phanie et Razzia deuxi\u00e8me. Ils sont donc tous les 2 qualifi\u00e9s pour la finale qui aura lieu \u00e0 Liveron en novembre<\/p>\n\n\n\n<figure class=\"wp-block-image size-full is-resized\"><img loading=\"lazy\" src=\"https:\/\/www.ecsfortunette.fr\/wp-content\/uploads\/2024\/01\/Capture-decran_2024-01-08_17-13-14.png\" alt=\"\" class=\"wp-image-2153\" width=\"309\" height=\"265\" srcset=\"https:\/\/www.ecsfortunette.fr\/wp-content\/uploads\/2024\/01\/Capture-decran_2024-01-08_17-13-14.png 634w, https:\/\/www.ecsfortunette.fr\/wp-content\/uploads\/2024\/01\/Capture-decran_2024-01-08_17-13-14-426x365.png 426w\" sizes=\"(max-width: 309px) 100vw, 309px\" \/><\/figure>\n\n\n\n<p class=\"has-black-color has-text-color has-large-font-size\">2022<\/p>\n\n\n\n<figure class=\"wp-block-image size-large is-resized\"><img loading=\"lazy\" src=\"https:\/\/www.ecsfortunette.fr\/wp-content\/uploads\/2024\/01\/selectif-840x630.jpg\" alt=\"\" class=\"wp-image-2152\" width=\"301\" height=\"226\" srcset=\"https:\/\/www.ecsfortunette.fr\/wp-content\/uploads\/2024\/01\/selectif-840x630.jpg 840w, https:\/\/www.ecsfortunette.fr\/wp-content\/uploads\/2024\/01\/selectif-487x365.jpg 487w, https:\/\/www.ecsfortunette.fr\/wp-content\/uploads\/2024\/01\/selectif-768x576.jpg 768w, https:\/\/www.ecsfortunette.fr\/wp-content\/uploads\/2024\/01\/selectif-1024x768.jpg 1024w, https:\/\/www.ecsfortunette.fr\/wp-content\/uploads\/2024\/01\/selectif.jpg 1080w\" sizes=\"(max-width: 301px) 100vw, 301px\" \/><figcaption>Cyril &amp; Razzia ainsi qu&rsquo;Erwann et Ielynn font un podium aux s\u00e9lectifs !<\/figcaption><\/figure>\n\n\n\n<p class=\"has-very-dark-gray-color has-text-color\">St\u00e9phanie &amp; Razzia obtiennent leurs dipl\u00f4mes pour concourir !<\/p>\n\n\n\n<figure class=\"wp-block-image is-resized\"><img loading=\"lazy\" src=\"https:\/\/www.ecsfortunette.fr\/wp-content\/uploads\/2022\/03\/StephanieRazzia-630x840.jpg\" alt=\"\" class=\"wp-image-1691\" width=\"143\" height=\"190\" srcset=\"https:\/\/www.ecsfortunette.fr\/wp-content\/uploads\/2022\/03\/StephanieRazzia-630x840.jpg 630w, https:\/\/www.ecsfortunette.fr\/wp-content\/uploads\/2022\/03\/StephanieRazzia-274x365.jpg 274w, https:\/\/www.ecsfortunette.fr\/wp-content\/uploads\/2022\/03\/StephanieRazzia-768x1024.jpg 768w, https:\/\/www.ecsfortunette.fr\/wp-content\/uploads\/2022\/03\/StephanieRazzia-1024x1365.jpg 1024w, https:\/\/www.ecsfortunette.fr\/wp-content\/uploads\/2022\/03\/StephanieRazzia-810x1080.jpg 810w, https:\/\/www.ecsfortunette.fr\/wp-content\/uploads\/2022\/03\/StephanieRazzia-1320x1760.jpg 1320w, https:\/\/www.ecsfortunette.fr\/wp-content\/uploads\/2022\/03\/StephanieRazzia.jpg 1500w\" sizes=\"(max-width: 143px) 100vw, 143px\" \/><\/figure>\n\n\n<div class=\"wp-block-image\">\n<figure class=\"aligncenter is-resized\"><img loading=\"lazy\" src=\"https:\/\/www.ecsfortunette.fr\/wp-content\/uploads\/2019\/02\/logo.png\" alt=\"\" class=\"wp-image-376\" width=\"42\" height=\"39\"\/><\/figure><\/div>\n\n\n<p class=\"has-black-color has-text-color has-large-font-size\">2021<\/p>\n\n\n\n<figure class=\"wp-block-image is-resized\"><img loading=\"lazy\" src=\"https:\/\/www.ecsfortunette.fr\/wp-content\/uploads\/2021\/10\/St\u00e9phanie-Cyril-montent-en-grade-840x704.jpg\" alt=\"\" class=\"wp-image-1619\" width=\"393\" height=\"329\" srcset=\"https:\/\/www.ecsfortunette.fr\/wp-content\/uploads\/2021\/10\/St\u00e9phanie-Cyril-montent-en-grade-840x704.jpg 840w, https:\/\/www.ecsfortunette.fr\/wp-content\/uploads\/2021\/10\/St\u00e9phanie-Cyril-montent-en-grade-435x365.jpg 435w, https:\/\/www.ecsfortunette.fr\/wp-content\/uploads\/2021\/10\/St\u00e9phanie-Cyril-montent-en-grade-768x644.jpg 768w, https:\/\/www.ecsfortunette.fr\/wp-content\/uploads\/2021\/10\/St\u00e9phanie-Cyril-montent-en-grade.jpg 940w\" sizes=\"(max-width: 393px) 100vw, 393px\" \/><\/figure>\n\n\n\n<p class=\"has-very-dark-gray-color has-text-color\">Cyril et Milo (cat\u00e9gorie A) participeront \u00e0 la finale du grand prix de France le 20 Novembre 2021 \u00e0 Bourgbarr\u00e9 !Cyril et Milo (cat\u00e9gorie A)<\/p>\n\n\n\n<figure class=\"wp-block-image is-resized\"><img loading=\"lazy\" src=\"https:\/\/www.ecsfortunette.fr\/wp-content\/uploads\/2019\/06\/Milocyril-1-840x560.jpg\" alt=\"\" class=\"wp-image-934\" width=\"411\" height=\"273\" srcset=\"https:\/\/www.ecsfortunette.fr\/wp-content\/uploads\/2019\/06\/Milocyril-1-840x560.jpg 840w, https:\/\/www.ecsfortunette.fr\/wp-content\/uploads\/2019\/06\/Milocyril-1-548x365.jpg 548w, https:\/\/www.ecsfortunette.fr\/wp-content\/uploads\/2019\/06\/Milocyril-1-768x512.jpg 768w, https:\/\/www.ecsfortunette.fr\/wp-content\/uploads\/2019\/06\/Milocyril-1-1024x682.jpg 1024w, https:\/\/www.ecsfortunette.fr\/wp-content\/uploads\/2019\/06\/Milocyril-1-1621x1080.jpg 1621w, https:\/\/www.ecsfortunette.fr\/wp-content\/uploads\/2019\/06\/Milocyril-1.jpg 1729w\" sizes=\"(max-width: 411px) 100vw, 411px\" \/><\/figure>\n\n\n<div class=\"wp-block-image\">\n<figure class=\"aligncenter is-resized\"><img loading=\"lazy\" src=\"https:\/\/www.ecsfortunette.fr\/wp-content\/uploads\/2019\/02\/logo.png\" alt=\"\" class=\"wp-image-376\" width=\"42\" height=\"39\"\/><\/figure><\/div>\n\n\n<p class=\"has-black-color has-text-color has-large-font-size\">2019<\/p>\n\n\n\n<p class=\"has-very-dark-gray-color has-text-color\"><strong>M<\/strong>arie Louise LEVEQUE et Igor sont s\u00e9lectionn\u00e9s du grand prix de France 2019 (cat\u00e9gorie C)!<\/p>\n\n\n<div class=\"wp-block-image\">\n<figure class=\"aligncenter is-resized\"><img loading=\"lazy\" src=\"https:\/\/www.ecsfortunette.fr\/wp-content\/uploads\/2019\/06\/podium-ML-840x560.jpg\" alt=\"\" class=\"wp-image-930\" width=\"303\" height=\"201\" srcset=\"https:\/\/www.ecsfortunette.fr\/wp-content\/uploads\/2019\/06\/podium-ML-840x560.jpg 840w, https:\/\/www.ecsfortunette.fr\/wp-content\/uploads\/2019\/06\/podium-ML-548x365.jpg 548w, https:\/\/www.ecsfortunette.fr\/wp-content\/uploads\/2019\/06\/podium-ML-768x512.jpg 768w, https:\/\/www.ecsfortunette.fr\/wp-content\/uploads\/2019\/06\/podium-ML-1024x683.jpg 1024w, https:\/\/www.ecsfortunette.fr\/wp-content\/uploads\/2019\/06\/podium-ML.jpg 1080w\" sizes=\"(max-width: 303px) 100vw, 303px\" \/><\/figure><\/div>\n\n<div class=\"wp-block-image\">\n<figure class=\"aligncenter is-resized\"><img loading=\"lazy\" src=\"https:\/\/www.ecsfortunette.fr\/wp-content\/uploads\/2019\/02\/logo.png\" alt=\"\" class=\"wp-image-376\" width=\"42\" height=\"39\"\/><\/figure><\/div>","protected":false},"excerpt":{"rendered":"<p>2025 St\u00e9phanie &amp; RAZZIA ont particip\u00e9 aux S\u00e9lectifs EO-AWC (servant \u00e0 s\u00e9lectionner les \u00c9quipes de France qui participeront : \u00e0 l\u2019EO (European Open) \u00e0 l\u2019AWC (Agility World Championship \/ Championnat du Monde d\u2019Agility)) 2 nouveaux bin\u00f4mes ont eu leur PASS Agility en ce d\u00e9but d&rsquo;ann\u00e9e : Cyril &amp; UZU ainsi qu&rsquo;Erwan &amp; ULWEN 2024 Marie&hellip; <br \/> <a class=\"read-more\" href=\"https:\/\/www.ecsfortunette.fr\/index.php\/les-resultats-agility\/\">Lire la suite<\/a><\/p>\n","protected":false},"author":1,"featured_media":0,"parent":0,"menu_order":0,"comment_status":"closed","ping_status":"closed","template":"","meta":[],"_links":{"self":[{"href":"https:\/\/www.ecsfortunette.fr\/index.php\/wp-json\/wp\/v2\/pages\/762"}],"collection":[{"href":"https:\/\/www.ecsfortunette.fr\/index.php\/wp-json\/wp\/v2\/pages"}],"about":[{"href":"https:\/\/www.ecsfortunette.fr\/index.php\/wp-json\/wp\/v2\/types\/page"}],"author":[{"embeddable":true,"href":"https:\/\/www.ecsfortunette.fr\/index.php\/wp-json\/wp\/v2\/users\/1"}],"replies":[{"embeddable":true,"href":"https:\/\/www.ecsfortunette.fr\/index.php\/wp-json\/wp\/v2\/comments?post=762"}],"version-history":[{"count":29,"href":"https:\/\/www.ecsfortunette.fr\/index.php\/wp-json\/wp\/v2\/pages\/762\/revisions"}],"predecessor-version":[{"id":2269,"href":"https:\/\/www.ecsfortunette.fr\/index.php\/wp-json\/wp\/v2\/pages\/762\/revisions\/2269"}],"wp:attachment":[{"href":"https:\/\/www.ecsfortunette.fr\/index.php\/wp-json\/wp\/v2\/media?parent=762"}],"curies":[{"name":"wp","href":"https:\/\/api.w.org\/{rel}","templated":true}]}}