{"id":768,"date":"2019-04-11T22:58:37","date_gmt":"2019-04-11T20:58:37","guid":{"rendered":"https:\/\/www.ecsfortunette.fr\/?page_id=768"},"modified":"2026-04-20T15:57:41","modified_gmt":"2026-04-20T13:57:41","slug":"les-resultats-en-obeissance","status":"publish","type":"page","link":"https:\/\/www.ecsfortunette.fr\/index.php\/les-resultats-en-obeissance\/","title":{"rendered":"Les r\u00e9sultats en ob\u00e9issance"},"content":{"rendered":"\n<p class=\"has-black-color has-text-color\">2025 : l&rsquo;\u00e9quipe s&rsquo;\u00e9toffe. Ils sont d\u00e9sormais 6 bin\u00f4mes.<\/p>\n\n\n\n<figure class=\"wp-block-image size-large is-resized\"><img loading=\"lazy\" src=\"https:\/\/www.ecsfortunette.fr\/wp-content\/uploads\/2026\/01\/StephaneOrus-630x840.jpg\" alt=\"\" class=\"wp-image-2284\" width=\"330\" height=\"440\" srcset=\"https:\/\/www.ecsfortunette.fr\/wp-content\/uploads\/2026\/01\/StephaneOrus-630x840.jpg 630w, https:\/\/www.ecsfortunette.fr\/wp-content\/uploads\/2026\/01\/StephaneOrus-274x365.jpg 274w, https:\/\/www.ecsfortunette.fr\/wp-content\/uploads\/2026\/01\/StephaneOrus-768x1024.jpg 768w, https:\/\/www.ecsfortunette.fr\/wp-content\/uploads\/2026\/01\/StephaneOrus-1152x1536.jpg 1152w, https:\/\/www.ecsfortunette.fr\/wp-content\/uploads\/2026\/01\/StephaneOrus-1024x1365.jpg 1024w, https:\/\/www.ecsfortunette.fr\/wp-content\/uploads\/2026\/01\/StephaneOrus-810x1080.jpg 810w, https:\/\/www.ecsfortunette.fr\/wp-content\/uploads\/2026\/01\/StephaneOrus.jpg 1536w\" sizes=\"(max-width: 330px) 100vw, 330px\" \/><\/figure>\n\n\n\n<figure class=\"wp-block-image size-large is-resized\"><img loading=\"lazy\" src=\"https:\/\/www.ecsfortunette.fr\/wp-content\/uploads\/2026\/02\/Marina-560x840.jpeg\" alt=\"\" class=\"wp-image-2292\" width=\"321\" height=\"481\" srcset=\"https:\/\/www.ecsfortunette.fr\/wp-content\/uploads\/2026\/02\/Marina-560x840.jpeg 560w, https:\/\/www.ecsfortunette.fr\/wp-content\/uploads\/2026\/02\/Marina-243x365.jpeg 243w, https:\/\/www.ecsfortunette.fr\/wp-content\/uploads\/2026\/02\/Marina-768x1152.jpeg 768w, https:\/\/www.ecsfortunette.fr\/wp-content\/uploads\/2026\/02\/Marina-1024x1536.jpeg 1024w, https:\/\/www.ecsfortunette.fr\/wp-content\/uploads\/2026\/02\/Marina-720x1080.jpeg 720w, https:\/\/www.ecsfortunette.fr\/wp-content\/uploads\/2026\/02\/Marina.jpeg 1365w\" sizes=\"(max-width: 321px) 100vw, 321px\" \/><\/figure>\n\n\n\n<figure class=\"wp-block-image size-large is-resized\"><img loading=\"lazy\" src=\"https:\/\/www.ecsfortunette.fr\/wp-content\/uploads\/2026\/02\/Bernard-560x840.jpeg\" alt=\"\" class=\"wp-image-2293\" width=\"316\" height=\"474\" srcset=\"https:\/\/www.ecsfortunette.fr\/wp-content\/uploads\/2026\/02\/Bernard-560x840.jpeg 560w, https:\/\/www.ecsfortunette.fr\/wp-content\/uploads\/2026\/02\/Bernard-243x365.jpeg 243w, https:\/\/www.ecsfortunette.fr\/wp-content\/uploads\/2026\/02\/Bernard-768x1152.jpeg 768w, https:\/\/www.ecsfortunette.fr\/wp-content\/uploads\/2026\/02\/Bernard-1024x1536.jpeg 1024w, https:\/\/www.ecsfortunette.fr\/wp-content\/uploads\/2026\/02\/Bernard-720x1080.jpeg 720w, https:\/\/www.ecsfortunette.fr\/wp-content\/uploads\/2026\/02\/Bernard.jpeg 1365w\" sizes=\"(max-width: 316px) 100vw, 316px\" \/><\/figure>\n\n\n\n<figure class=\"wp-block-image size-large is-resized\"><img loading=\"lazy\" src=\"https:\/\/www.ecsfortunette.fr\/wp-content\/uploads\/2026\/02\/Stephaniespike-560x840.jpeg\" alt=\"\" class=\"wp-image-2294\" width=\"313\" height=\"470\" srcset=\"https:\/\/www.ecsfortunette.fr\/wp-content\/uploads\/2026\/02\/Stephaniespike-560x840.jpeg 560w, https:\/\/www.ecsfortunette.fr\/wp-content\/uploads\/2026\/02\/Stephaniespike-243x365.jpeg 243w, https:\/\/www.ecsfortunette.fr\/wp-content\/uploads\/2026\/02\/Stephaniespike-768x1152.jpeg 768w, https:\/\/www.ecsfortunette.fr\/wp-content\/uploads\/2026\/02\/Stephaniespike-1024x1536.jpeg 1024w, https:\/\/www.ecsfortunette.fr\/wp-content\/uploads\/2026\/02\/Stephaniespike-720x1080.jpeg 720w, https:\/\/www.ecsfortunette.fr\/wp-content\/uploads\/2026\/02\/Stephaniespike.jpeg 1365w\" sizes=\"(max-width: 313px) 100vw, 313px\" \/><\/figure>\n\n\n\n<p class=\"has-black-color has-text-color\">2024: nouveau bin\u00f4me, Spock &amp; Dominique<\/p>\n\n\n\n<figure class=\"wp-block-image size-large is-resized\"><img loading=\"lazy\" src=\"https:\/\/www.ecsfortunette.fr\/wp-content\/uploads\/2026\/01\/DomSpock-840x560.jpg\" alt=\"\" class=\"wp-image-2278\" width=\"380\" height=\"254\" srcset=\"https:\/\/www.ecsfortunette.fr\/wp-content\/uploads\/2026\/01\/DomSpock-840x560.jpg 840w, https:\/\/www.ecsfortunette.fr\/wp-content\/uploads\/2026\/01\/DomSpock-548x365.jpg 548w, https:\/\/www.ecsfortunette.fr\/wp-content\/uploads\/2026\/01\/DomSpock-768x512.jpg 768w, https:\/\/www.ecsfortunette.fr\/wp-content\/uploads\/2026\/01\/DomSpock-1536x1024.jpg 1536w, https:\/\/www.ecsfortunette.fr\/wp-content\/uploads\/2026\/01\/DomSpock-1024x683.jpg 1024w, https:\/\/www.ecsfortunette.fr\/wp-content\/uploads\/2026\/01\/DomSpock-1620x1080.jpg 1620w, https:\/\/www.ecsfortunette.fr\/wp-content\/uploads\/2026\/01\/DomSpock.jpg 2048w\" sizes=\"(max-width: 380px) 100vw, 380px\" \/><\/figure>\n\n\n\n<p class=\"has-very-dark-gray-color has-text-color\">Septembre 2021 : lors du concours de Cordemais, Jer\u00f4me acc\u00e8de \u00e0 la classe 2 et Marie obtient son CSAU !<\/p>\n\n\n\n<figure class=\"wp-block-image is-resized\"><img loading=\"lazy\" src=\"https:\/\/www.ecsfortunette.fr\/wp-content\/uploads\/2021\/10\/Equipe-a-Cordemais-840x473.jpg\" alt=\"\" class=\"wp-image-1622\" width=\"377\" height=\"212\" srcset=\"https:\/\/www.ecsfortunette.fr\/wp-content\/uploads\/2021\/10\/Equipe-a-Cordemais-840x473.jpg 840w, https:\/\/www.ecsfortunette.fr\/wp-content\/uploads\/2021\/10\/Equipe-a-Cordemais-500x280.jpg 500w, https:\/\/www.ecsfortunette.fr\/wp-content\/uploads\/2021\/10\/Equipe-a-Cordemais-649x365.jpg 649w, https:\/\/www.ecsfortunette.fr\/wp-content\/uploads\/2021\/10\/Equipe-a-Cordemais-768x432.jpg 768w, https:\/\/www.ecsfortunette.fr\/wp-content\/uploads\/2021\/10\/Equipe-a-Cordemais.jpg 960w\" sizes=\"(max-width: 377px) 100vw, 377px\" \/><\/figure>\n\n\n\n<p class=\"has-very-dark-gray-color has-text-color\">Concours de Cholet, mai 2021 : J\u00e9r\u00f4me et Dominique se issent sur le podium classe1. J\u00e9r\u00f4me = 1er excellent _ Dominique 2\u00e8me TB_Christian 5\u00e8me TB.<\/p>\n\n\n\n<figure class=\"wp-block-image is-resized\"><img loading=\"lazy\" src=\"https:\/\/www.ecsfortunette.fr\/wp-content\/uploads\/2021\/06\/204527409_542130403864416_998742069941105601_n-630x840.jpg\" alt=\"\" class=\"wp-image-1562\" width=\"225\" height=\"299\" srcset=\"https:\/\/www.ecsfortunette.fr\/wp-content\/uploads\/2021\/06\/204527409_542130403864416_998742069941105601_n-630x840.jpg 630w, https:\/\/www.ecsfortunette.fr\/wp-content\/uploads\/2021\/06\/204527409_542130403864416_998742069941105601_n-274x365.jpg 274w, https:\/\/www.ecsfortunette.fr\/wp-content\/uploads\/2021\/06\/204527409_542130403864416_998742069941105601_n-768x1024.jpg 768w, https:\/\/www.ecsfortunette.fr\/wp-content\/uploads\/2021\/06\/204527409_542130403864416_998742069941105601_n-1024x1365.jpg 1024w, https:\/\/www.ecsfortunette.fr\/wp-content\/uploads\/2021\/06\/204527409_542130403864416_998742069941105601_n-810x1080.jpg 810w, https:\/\/www.ecsfortunette.fr\/wp-content\/uploads\/2021\/06\/204527409_542130403864416_998742069941105601_n.jpg 1125w\" sizes=\"(max-width: 225px) 100vw, 225px\" \/><\/figure>\n\n\n\n<p class=\"has-very-dark-gray-color has-text-color\">Concours Cordemais septembre 2020 : J\u00e9r\u00f4me et Oslow obtiennent 1 Excellent !<\/p>\n\n\n\n<figure class=\"wp-block-image is-resized\"><img loading=\"lazy\" src=\"https:\/\/www.ecsfortunette.fr\/wp-content\/uploads\/2020\/09\/JeromeOslow.jpg\" alt=\"\" class=\"wp-image-1352\" width=\"263\" height=\"351\" srcset=\"https:\/\/www.ecsfortunette.fr\/wp-content\/uploads\/2020\/09\/JeromeOslow.jpg 600w, https:\/\/www.ecsfortunette.fr\/wp-content\/uploads\/2020\/09\/JeromeOslow-274x365.jpg 274w\" sizes=\"(max-width: 263px) 100vw, 263px\" \/><\/figure>\n\n\n\n<p class=\"has-very-dark-gray-color has-text-color\">Juin 2020, Iros est parti rejoindre les \u00e9toiles, RIP fid\u00e8le compagnon de Linda.<\/p>\n\n\n\n<p class=\"has-very-dark-gray-color has-text-color\">En 2019 ils ont \u00e9t\u00e9 rejoints par J\u00e9r\u00f4me ROI.<\/p>\n\n\n\n<p class=\"has-very-dark-gray-color has-text-color\">En 2018, Linda CONSTANT, Dominique VACCARO et Christian VERGNAUD ont obtenu leur brevet.<\/p>\n","protected":false},"excerpt":{"rendered":"<p>2025 : l&rsquo;\u00e9quipe s&rsquo;\u00e9toffe. Ils sont d\u00e9sormais 6 bin\u00f4mes. 2024: nouveau bin\u00f4me, Spock &amp; Dominique Septembre 2021 : lors du concours de Cordemais, Jer\u00f4me acc\u00e8de \u00e0 la classe 2 et Marie obtient son CSAU ! Concours de Cholet, mai 2021 : J\u00e9r\u00f4me et Dominique se issent sur le podium classe1. J\u00e9r\u00f4me = 1er excellent _&hellip; <br \/> <a class=\"read-more\" href=\"https:\/\/www.ecsfortunette.fr\/index.php\/les-resultats-en-obeissance\/\">Lire la suite<\/a><\/p>\n","protected":false},"author":1,"featured_media":0,"parent":0,"menu_order":0,"comment_status":"closed","ping_status":"closed","template":"","meta":[],"_links":{"self":[{"href":"https:\/\/www.ecsfortunette.fr\/index.php\/wp-json\/wp\/v2\/pages\/768"}],"collection":[{"href":"https:\/\/www.ecsfortunette.fr\/index.php\/wp-json\/wp\/v2\/pages"}],"about":[{"href":"https:\/\/www.ecsfortunette.fr\/index.php\/wp-json\/wp\/v2\/types\/page"}],"author":[{"embeddable":true,"href":"https:\/\/www.ecsfortunette.fr\/index.php\/wp-json\/wp\/v2\/users\/1"}],"replies":[{"embeddable":true,"href":"https:\/\/www.ecsfortunette.fr\/index.php\/wp-json\/wp\/v2\/comments?post=768"}],"version-history":[{"count":13,"href":"https:\/\/www.ecsfortunette.fr\/index.php\/wp-json\/wp\/v2\/pages\/768\/revisions"}],"predecessor-version":[{"id":2306,"href":"https:\/\/www.ecsfortunette.fr\/index.php\/wp-json\/wp\/v2\/pages\/768\/revisions\/2306"}],"wp:attachment":[{"href":"https:\/\/www.ecsfortunette.fr\/index.php\/wp-json\/wp\/v2\/media?parent=768"}],"curies":[{"name":"wp","href":"https:\/\/api.w.org\/{rel}","templated":true}]}}