{"id":79,"date":"2019-02-01T22:13:59","date_gmt":"2019-02-01T21:13:59","guid":{"rendered":"https:\/\/www.ecsfortunette.fr\/?page_id=79"},"modified":"2024-12-16T21:35:13","modified_gmt":"2024-12-16T20:35:13","slug":"les-cours-deducation","status":"publish","type":"page","link":"https:\/\/www.ecsfortunette.fr\/index.php\/les-cours-deducation\/","title":{"rendered":"Les cours d&rsquo;\u00e9ducation"},"content":{"rendered":"\n<div class=\"wp-block-media-text alignwide is-stacked-on-mobile\" style=\"grid-template-columns:29% auto\"><figure class=\"wp-block-media-text__media\"><img loading=\"lazy\" width=\"600\" height=\"419\" src=\"https:\/\/www.ecsfortunette.fr\/wp-content\/uploads\/2021\/07\/Dominique.jpg\" alt=\"\" class=\"wp-image-1578 size-full\" srcset=\"https:\/\/www.ecsfortunette.fr\/wp-content\/uploads\/2021\/07\/Dominique.jpg 600w, https:\/\/www.ecsfortunette.fr\/wp-content\/uploads\/2021\/07\/Dominique-523x365.jpg 523w\" sizes=\"(max-width: 600px) 100vw, 600px\" \/><\/figure><div class=\"wp-block-media-text__content\">\n<p class=\"has-black-color has-text-color\">Responsable \u00e9ducation : Dominique VACCARO<\/p>\n\n\n\n<p class=\"has-black-color has-text-color\">06 18 42 81 91 \/ dominique_vaccaro@orange.fr<\/p>\n<\/div><\/div>\n\n\n\n<p class=\"has-light-green-cyan-color has-light-green-cyan-background-color has-text-color has-background\">xxxxxx<\/p>\n\n\n\n<p class=\"has-very-dark-gray-color has-very-light-gray-background-color has-text-color has-background has-medium-font-size\"><strong>Les moniteurs:<\/strong><\/p>\n\n\n\n<p class=\"has-very-dark-gray-color has-text-color\">Moniteurs dipl\u00f4m\u00e9s assurant les cours : Dominique, Christian, St\u00e9phanie, Isabelle.<\/p>\n\n\n\n<p class=\"has-very-dark-gray-color has-text-color\">Moniteurs encadrant : Marie Louise, Sarah , C\u00e9line, Catherine.<\/p>\n\n\n\n<p><\/p>\n\n\n\n<p class=\"has-very-dark-gray-color has-very-light-gray-background-color has-text-color has-background has-medium-font-size\"><strong>Les horaires :<\/strong><\/p>\n\n\n\n<p class=\"has-very-dark-gray-color has-text-color\">vendredi de 18h30 \u00e0 19h30<\/p>\n\n\n\n<p class=\"has-very-dark-gray-color has-text-color\">dimanche de 10h00 \u00e0 11h00<\/p>\n\n\n\n<p><\/p>\n\n\n\n<p class=\"has-very-dark-gray-color has-text-color\">N&rsquo;oublier  pas de consacrer un peu de temps \u00e0 votre chien avant les cours, en  arrivant 15-30 min avant l&rsquo;horaire pour le \u00ab\u00a0d\u00e9tendre\u00a0\u00bb.<\/p>\n\n\n\n<p class=\"has-very-dark-gray-color has-text-color\">Les deux premiers cours d&rsquo;\u00e9ducation sont gratuits.<\/p>\n\n\n\n<p class=\"has-very-dark-gray-color has-text-color\">Parce qu&rsquo;il est plus facile d&rsquo;\u00e9duquer que de r\u00e9\u00e9duquer, nous vous encourageons \u00e0 venir nous rejoindre d\u00e8s l&rsquo;arriv\u00e9e du chiot dans votre famille.<\/p>\n\n\n\n<p class=\"has-very-dark-gray-color has-text-color\">Les cours sont organis\u00e9s par groupe de niveaux le dimanche matin. Les cours du vendredi sont r\u00e9serv\u00e9s aux personnes non d\u00e9butantes.<\/p>\n\n\n\n<p class=\"has-very-dark-gray-color has-very-light-gray-background-color has-text-color has-background has-medium-font-size\"><strong>Quelques r\u00e8gles de base :<\/strong><\/p>\n\n\n\n<p class=\"has-very-dark-gray-color has-text-color\">&#8211; \u00c9quipements : pour le chien, il faut une laisse (de pr\u00e9f\u00e9rence en cuir) , un collier plat. Pr\u00e9voyez des friandises pour la r\u00e9compense et un jouet. Le ma\u00eetre quant \u00e0 lui doit avoir une tenue appropri\u00e9e (les baskets plut\u00f4t que les tongs!). N&rsquo;h\u00e9sitez pas \u00e0 apporter votre propre gamelle d&rsquo;eau cela \u00e9vite la promiscuit\u00e9 entre les chiens.<\/p>\n\n\n\n<p class=\"has-very-dark-gray-color has-text-color\">&#8211; L&rsquo;attitude envers le chien, les \u00e9ducateurs: vous entrez dans un club de b\u00e9n\u00e9voles, votre comportement doit \u00eatre respectueux envers les autres (Hommes comme chiens). Pensez aux sacs \u00e0 crottes pour ramasser les d\u00e9jections. Pensez \u00e0 la mettre dans une poubelle. Le site met \u00e9galement \u00e0 disposition des pelles pour ramasser les d\u00e9jections.<\/p>\n\n\n\n<p class=\"has-very-dark-gray-color has-text-color\"><strong>Ramasser les crottes<\/strong> de son chien c&rsquo;est faire preuve de civisme et de respect des autres.<\/p>\n\n\n\n<figure class=\"wp-block-image\"><img loading=\"lazy\" width=\"543\" height=\"323\" src=\"https:\/\/www.ecsfortunette.fr\/wp-content\/uploads\/2019\/04\/activit\u00e9s-en-fonction-de-l-age-1.jpg\" alt=\"\" class=\"wp-image-793\"\/><\/figure>\n\n\n\n<p><\/p>\n\n\n\n<p class=\"has-very-dark-gray-color has-very-light-gray-background-color has-text-color has-background has-medium-font-size\"><strong>Les outils de l&rsquo;\u00e9ducation :<\/strong><\/p>\n\n\n\n<p class=\"has-very-dark-gray-color has-text-color\">&#8211; Les <strong>colliers<\/strong>  \u00e0 pointes et les colliers \u00e9lectriques ne sont pas accept\u00e9s au club.  Aussi, le harnais est g\u00e9n\u00e9ralement un bon outil de traction du chien  (canicross, caniVTT), mais il n&rsquo;est pas adapt\u00e9 \u00e0 l&rsquo;\u00e9ducation.<\/p>\n\n\n\n<p class=\"has-very-dark-gray-color has-text-color\">-Les <strong>laisses<\/strong>  \u00e0 enrouleur sont \u00e0 proscrire&nbsp;car le chien est perturb\u00e9 lorsque la  longueur de la laisse varie en permanence. La laisse ne doit pas \u00eatre  trop courte non plus : environ un m\u00e8tre de longueur<\/p>\n\n\n\n<p class=\"has-very-dark-gray-color has-text-color\">-Les <strong>friandises<\/strong>  sont \u00e0 la base de l&rsquo;apprentissage des positions, de la marche en  laisse, de l&rsquo;absence &#8230; par la m\u00e9thode du&nbsp;renforcement positif.&nbsp;Il est  conseill\u00e9 de choisir une friandise diff\u00e9rente des croquettes  quotidiennes, la motivation ne sera que plus grande !<\/p>\n\n\n\n<p class=\"has-very-dark-gray-color has-text-color\">-Le <strong>jouet<\/strong>  est utilis\u00e9 dans l&rsquo;apprentissage du rapport d&rsquo;objet.&nbsp;De plus, pour les  chiens peu gourmands mais joueurs, il peut substituer la friandise pour  r\u00e9compenser le chien.<\/p>\n\n\n\n<p class=\"has-very-dark-gray-color has-text-color\">&#8211; La <strong>museli\u00e8re<\/strong>  n&rsquo;est pas utilis\u00e9e que pour les chiens agressifs ou de cat\u00e9gorie 1. Le  port de la museli\u00e8re est obligatoire pour prendre les transports en  commun. Ainsi, nous vous aidons \u00e0 faire accepter \u00e0 votre chien le port  de la museli\u00e8re.<\/p>\n\n\n\n<p class=\"has-very-dark-gray-color has-text-color\">&#8211; La&nbsp;<strong>pochette \u00e0 friandises<\/strong>&nbsp;vous permettra de garder les mains libres et de r\u00e9compenser rapidement votre animal.<\/p>\n\n\n\n<p class=\"has-very-dark-gray-color has-text-color\">&#8211; Le <strong>clicker<\/strong>  est un outil de la&nbsp;m\u00e9thode d&rsquo;\u00e9ducation positive&nbsp;qui&nbsp;permet de renforcer  la communication avec son chien. Celui-ci&nbsp;associera&nbsp;le son \u00e9mis par le  clicker, \u00e0 la suite de la r\u00e9alisation d&rsquo;un comportement recherch\u00e9,&nbsp;\u00e0 la  r\u00e9compense et sera ainsi encourag\u00e9 \u00e0 r\u00e9p\u00e9ter le bon comportement.&nbsp;<\/p>\n\n\n\n<div class=\"wp-container-4 wp-block-columns\">\n<div class=\"wp-container-3 wp-block-column\" style=\"flex-basis:100%\">\n<figure class=\"wp-container-2 wp-block-gallery-1 wp-block-gallery has-nested-images columns-default is-cropped\"><\/figure>\n<\/div>\n<\/div>\n\n\n\n<figure class=\"wp-block-image size-full\"><img loading=\"lazy\" width=\"280\" height=\"280\" src=\"https:\/\/www.ecsfortunette.fr\/wp-content\/uploads\/2019\/02\/laissecollier.jpg\" alt=\"\" class=\"wp-image-316\"\/><figcaption><strong><mark style=\"background-color:rgba(0, 0, 0, 0)\" class=\"has-inline-color has-black-color\">collier plat et laisse<\/mark><\/strong><\/figcaption><\/figure>\n\n\n\n<figure class=\"wp-block-image size-full is-resized\"><img loading=\"lazy\" src=\"https:\/\/www.ecsfortunette.fr\/wp-content\/uploads\/2019\/02\/fraindises.jpeg\" alt=\"\" class=\"wp-image-302\" width=\"262\" height=\"262\"\/><figcaption><strong><mark style=\"background-color:rgba(0, 0, 0, 0)\" class=\"has-inline-color has-black-color\">friandises<\/mark><\/strong><\/figcaption><\/figure>\n\n\n\n<figure class=\"wp-block-image size-full is-resized\"><img loading=\"lazy\" src=\"https:\/\/www.ecsfortunette.fr\/wp-content\/uploads\/2019\/02\/sac-\u00e0-crottes-7.jpeg\" alt=\"\" class=\"wp-image-313\" width=\"245\" height=\"245\"\/><figcaption><strong><mark style=\"background-color:rgba(0, 0, 0, 0)\" class=\"has-inline-color has-black-color\">sac \u00e0 crottes<\/mark><\/strong> <mark style=\"background-color:rgba(0, 0, 0, 0)\" class=\"has-inline-color has-black-color\">ou pelles mises \u00e0 disposition au club<\/mark><\/figcaption><\/figure>\n","protected":false},"excerpt":{"rendered":"<p>Responsable \u00e9ducation : Dominique VACCARO 06 18 42 81 91 \/ dominique_vaccaro@orange.fr xxxxxx Les moniteurs: Moniteurs dipl\u00f4m\u00e9s assurant les cours : Dominique, Christian, St\u00e9phanie, Isabelle. Moniteurs encadrant : Marie Louise, Sarah , C\u00e9line, Catherine. Les horaires : vendredi de 18h30 \u00e0 19h30 dimanche de 10h00 \u00e0 11h00 N&rsquo;oublier pas de consacrer un peu de temps&hellip; <br \/> <a class=\"read-more\" href=\"https:\/\/www.ecsfortunette.fr\/index.php\/les-cours-deducation\/\">Lire la suite<\/a><\/p>\n","protected":false},"author":1,"featured_media":0,"parent":0,"menu_order":0,"comment_status":"closed","ping_status":"closed","template":"","meta":[],"_links":{"self":[{"href":"https:\/\/www.ecsfortunette.fr\/index.php\/wp-json\/wp\/v2\/pages\/79"}],"collection":[{"href":"https:\/\/www.ecsfortunette.fr\/index.php\/wp-json\/wp\/v2\/pages"}],"about":[{"href":"https:\/\/www.ecsfortunette.fr\/index.php\/wp-json\/wp\/v2\/types\/page"}],"author":[{"embeddable":true,"href":"https:\/\/www.ecsfortunette.fr\/index.php\/wp-json\/wp\/v2\/users\/1"}],"replies":[{"embeddable":true,"href":"https:\/\/www.ecsfortunette.fr\/index.php\/wp-json\/wp\/v2\/comments?post=79"}],"version-history":[{"count":41,"href":"https:\/\/www.ecsfortunette.fr\/index.php\/wp-json\/wp\/v2\/pages\/79\/revisions"}],"predecessor-version":[{"id":2231,"href":"https:\/\/www.ecsfortunette.fr\/index.php\/wp-json\/wp\/v2\/pages\/79\/revisions\/2231"}],"wp:attachment":[{"href":"https:\/\/www.ecsfortunette.fr\/index.php\/wp-json\/wp\/v2\/media?parent=79"}],"curies":[{"name":"wp","href":"https:\/\/api.w.org\/{rel}","templated":true}]}}