{"id":82,"date":"2019-02-01T22:18:02","date_gmt":"2019-02-01T21:18:02","guid":{"rendered":"https:\/\/www.ecsfortunette.fr\/?page_id=82"},"modified":"2019-06-12T20:41:12","modified_gmt":"2019-06-12T18:41:12","slug":"education-positive","status":"publish","type":"page","link":"https:\/\/www.ecsfortunette.fr\/index.php\/education-positive\/","title":{"rendered":"Education positive"},"content":{"rendered":"\n<figure class=\"wp-block-image\"><img loading=\"lazy\" width=\"796\" height=\"288\" src=\"https:\/\/www.ecsfortunette.fr\/wp-content\/uploads\/2019\/02\/jack-laissse.png\" alt=\"\" class=\"wp-image-380\"\/><\/figure>\n\n\n\n<p class=\"has-text-color has-very-dark-gray-color\">Cette m\u00e9thode douce est bas\u00e9e sur le renforcement positif :<\/p>\n\n\n\n<p class=\"has-text-color has-very-dark-gray-color\">soit, r\u00e9compenser les comportements int\u00e9ressants, qui apparaissent spontan\u00e9ment pour les fixer  <\/p>\n\n\n\n<p class=\"has-text-color has-very-dark-gray-color\">soit, provoquer le comportement qui nous int\u00e9resse, et le r\u00e9compenser pour le fixer.<\/p>\n\n\n\n<p class=\"has-text-color has-very-dark-gray-color\">Un peu d&rsquo;histoire :<\/p>\n\n\n\n<p class=\"has-text-color has-very-dark-gray-color\">C&rsquo;est Joseph ORTEGA, v\u00e9ritable \u00e9thologue de terrain, qui en observant \u00e0 l&rsquo;\u00e9tat sauvage les louveteaux et leurs parents, eut l&rsquo;id\u00e9e de la m\u00e9thode naturelle. Son exp\u00e9rience de terrain en tant que juge, formateur, et homme de terrain lui permit de mettre au point cette m\u00e9thode. Cette m\u00e9thode douce sera copi\u00e9e partout dans le monde, n\u00e9e dans les ann\u00e9es 1970 en France elle sera appel\u00e9e \u00ab positive \u00bb aux U.S.A., \u00ab symbiotique \u00bb en Hollande, \u00ab par le jeu \u00bb en Autriche\u2026<\/p>\n\n\n\n<p class=\"has-text-color has-very-dark-gray-color\">Si vous d\u00e9sirez plus d&rsquo;informations concernant la m\u00e9thode naturelle d\u00e9velopp\u00e9e par Mr Joseph ORTEGA, veuillez vous rendre sur son site :<\/p>\n\n\n\n<p class=\"has-text-color has-very-dark-gray-color\">www.ecole-du-chiot.fr<\/p>\n\n\n\n<p class=\"has-text-color has-very-dark-gray-color\">Il est vivement conseill\u00e9 d&rsquo;apporter des friandises (petites et molles de pr\u00e9f\u00e9rence : gruy\u00e8re, jambon, etc\u2026) un jouet qui sera attractif pour lui et un sac \u00e0 crotte.<\/p>\n","protected":false},"excerpt":{"rendered":"<p>Cette m\u00e9thode douce est bas\u00e9e sur le renforcement positif : soit, r\u00e9compenser les comportements int\u00e9ressants, qui apparaissent spontan\u00e9ment pour les fixer soit, provoquer le comportement qui nous int\u00e9resse, et le r\u00e9compenser pour le fixer. Un peu d&rsquo;histoire : C&rsquo;est Joseph ORTEGA, v\u00e9ritable \u00e9thologue de terrain, qui en observant \u00e0 l&rsquo;\u00e9tat sauvage les louveteaux et leurs&hellip; <br \/> <a class=\"read-more\" href=\"https:\/\/www.ecsfortunette.fr\/index.php\/education-positive\/\">Lire la suite<\/a><\/p>\n","protected":false},"author":1,"featured_media":0,"parent":0,"menu_order":0,"comment_status":"closed","ping_status":"closed","template":"","meta":[],"_links":{"self":[{"href":"https:\/\/www.ecsfortunette.fr\/index.php\/wp-json\/wp\/v2\/pages\/82"}],"collection":[{"href":"https:\/\/www.ecsfortunette.fr\/index.php\/wp-json\/wp\/v2\/pages"}],"about":[{"href":"https:\/\/www.ecsfortunette.fr\/index.php\/wp-json\/wp\/v2\/types\/page"}],"author":[{"embeddable":true,"href":"https:\/\/www.ecsfortunette.fr\/index.php\/wp-json\/wp\/v2\/users\/1"}],"replies":[{"embeddable":true,"href":"https:\/\/www.ecsfortunette.fr\/index.php\/wp-json\/wp\/v2\/comments?post=82"}],"version-history":[{"count":6,"href":"https:\/\/www.ecsfortunette.fr\/index.php\/wp-json\/wp\/v2\/pages\/82\/revisions"}],"predecessor-version":[{"id":944,"href":"https:\/\/www.ecsfortunette.fr\/index.php\/wp-json\/wp\/v2\/pages\/82\/revisions\/944"}],"wp:attachment":[{"href":"https:\/\/www.ecsfortunette.fr\/index.php\/wp-json\/wp\/v2\/media?parent=82"}],"curies":[{"name":"wp","href":"https:\/\/api.w.org\/{rel}","templated":true}]}}