{"id":85,"date":"2019-02-01T22:30:32","date_gmt":"2019-02-01T21:30:32","guid":{"rendered":"https:\/\/www.ecsfortunette.fr\/?page_id=85"},"modified":"2026-04-20T15:52:01","modified_gmt":"2026-04-20T13:52:01","slug":"composition-du-bureau","status":"publish","type":"page","link":"https:\/\/www.ecsfortunette.fr\/index.php\/composition-du-bureau\/","title":{"rendered":"Composition du comit\u00e9"},"content":{"rendered":"\n<h2>Bureau 2026<\/h2>\n\n\n\n<p class=\"has-black-color has-text-color\"><strong>Pr\u00e9sident<\/strong> : Dominique VACCARO<\/p>\n\n\n\n<figure class=\"wp-block-image is-resized\"><img loading=\"lazy\" src=\"https:\/\/www.ecsfortunette.fr\/wp-content\/uploads\/2021\/01\/Dominique.jpg\" alt=\"\" class=\"wp-image-1397\" width=\"179\" height=\"125\" srcset=\"https:\/\/www.ecsfortunette.fr\/wp-content\/uploads\/2021\/01\/Dominique.jpg 600w, https:\/\/www.ecsfortunette.fr\/wp-content\/uploads\/2021\/01\/Dominique-523x365.jpg 523w\" sizes=\"(max-width: 179px) 100vw, 179px\" \/><\/figure>\n\n\n\n<p class=\"has-black-color has-text-color\"><strong>Vice Pr\u00e9sidente<\/strong> : Corinne LUCAS<\/p>\n\n\n\n<figure class=\"wp-block-image size-full\"><img loading=\"lazy\" width=\"120\" height=\"112\" src=\"https:\/\/www.ecsfortunette.fr\/wp-content\/uploads\/2026\/04\/Capture-decran-du-2026-04-20-15-46-58.png\" alt=\"\" class=\"wp-image-2297\"\/><\/figure>\n\n\n\n<p class=\"has-black-color has-text-color\"><strong>Tr\u00e9sori\u00e8re<\/strong> : Marie Louise LEVEQUE<\/p>\n\n\n\n<figure class=\"wp-block-image is-resized\"><img loading=\"lazy\" src=\"https:\/\/www.ecsfortunette.fr\/wp-content\/uploads\/2021\/01\/MarieLouise.jpg\" alt=\"\" class=\"wp-image-1400\" width=\"181\" height=\"135\" srcset=\"https:\/\/www.ecsfortunette.fr\/wp-content\/uploads\/2021\/01\/MarieLouise.jpg 600w, https:\/\/www.ecsfortunette.fr\/wp-content\/uploads\/2021\/01\/MarieLouise-489x365.jpg 489w\" sizes=\"(max-width: 181px) 100vw, 181px\" \/><\/figure>\n\n\n\n<p class=\"has-black-color has-text-color\"><strong>Secr\u00e9taire<\/strong>: St\u00e9phanie VERGNAUD<\/p>\n\n\n\n<figure class=\"wp-block-image is-resized\"><img loading=\"lazy\" src=\"https:\/\/www.ecsfortunette.fr\/wp-content\/uploads\/2021\/01\/Stephanie.jpg\" alt=\"\" class=\"wp-image-1399\" width=\"179\" height=\"119\" srcset=\"https:\/\/www.ecsfortunette.fr\/wp-content\/uploads\/2021\/01\/Stephanie.jpg 600w, https:\/\/www.ecsfortunette.fr\/wp-content\/uploads\/2021\/01\/Stephanie-546x365.jpg 546w\" sizes=\"(max-width: 179px) 100vw, 179px\" \/><\/figure>\n\n\n\n<p class=\"has-very-dark-gray-color has-text-color\"><strong>Membres actifs :<\/strong><\/p>\n\n\n\n<figure class=\"wp-block-image is-resized\"><img loading=\"lazy\" src=\"https:\/\/www.ecsfortunette.fr\/wp-content\/uploads\/2021\/01\/Christian.jpg\" alt=\"\" class=\"wp-image-1402\" width=\"171\" height=\"135\" srcset=\"https:\/\/www.ecsfortunette.fr\/wp-content\/uploads\/2021\/01\/Christian.jpg 600w, https:\/\/www.ecsfortunette.fr\/wp-content\/uploads\/2021\/01\/Christian-462x365.jpg 462w\" sizes=\"(max-width: 171px) 100vw, 171px\" \/><\/figure>\n\n\n\n<p class=\"has-black-color has-text-color\">Christian VERGNAUD <br><\/p>\n\n\n\n<figure class=\"wp-block-image size-full is-resized\"><img loading=\"lazy\" src=\"https:\/\/www.ecsfortunette.fr\/wp-content\/uploads\/2023\/04\/Celine.png\" alt=\"\" class=\"wp-image-2083\" width=\"171\" height=\"183\"\/><\/figure>\n\n\n\n<p class=\"has-black-color has-text-color\">C\u00e9line GUYOMARD<\/p>\n\n\n\n<figure class=\"wp-block-image size-full is-resized\"><img loading=\"lazy\" src=\"https:\/\/www.ecsfortunette.fr\/wp-content\/uploads\/2023\/04\/ERWAN.png\" alt=\"\" class=\"wp-image-2079\" width=\"120\" height=\"149\"\/><\/figure>\n\n\n\n<p class=\"has-black-color has-text-color\">Erwan COLIN<\/p>\n\n\n\n<p class=\"has-very-dark-gray-color has-text-color\"><br><\/p>\n","protected":false},"excerpt":{"rendered":"<p>Bureau 2026 Pr\u00e9sident : Dominique VACCARO Vice Pr\u00e9sidente : Corinne LUCAS Tr\u00e9sori\u00e8re : Marie Louise LEVEQUE Secr\u00e9taire: St\u00e9phanie VERGNAUD Membres actifs : Christian VERGNAUD C\u00e9line GUYOMARD Erwan COLIN<\/p>\n","protected":false},"author":1,"featured_media":0,"parent":0,"menu_order":0,"comment_status":"closed","ping_status":"closed","template":"","meta":[],"_links":{"self":[{"href":"https:\/\/www.ecsfortunette.fr\/index.php\/wp-json\/wp\/v2\/pages\/85"}],"collection":[{"href":"https:\/\/www.ecsfortunette.fr\/index.php\/wp-json\/wp\/v2\/pages"}],"about":[{"href":"https:\/\/www.ecsfortunette.fr\/index.php\/wp-json\/wp\/v2\/types\/page"}],"author":[{"embeddable":true,"href":"https:\/\/www.ecsfortunette.fr\/index.php\/wp-json\/wp\/v2\/users\/1"}],"replies":[{"embeddable":true,"href":"https:\/\/www.ecsfortunette.fr\/index.php\/wp-json\/wp\/v2\/comments?post=85"}],"version-history":[{"count":29,"href":"https:\/\/www.ecsfortunette.fr\/index.php\/wp-json\/wp\/v2\/pages\/85\/revisions"}],"predecessor-version":[{"id":2301,"href":"https:\/\/www.ecsfortunette.fr\/index.php\/wp-json\/wp\/v2\/pages\/85\/revisions\/2301"}],"wp:attachment":[{"href":"https:\/\/www.ecsfortunette.fr\/index.php\/wp-json\/wp\/v2\/media?parent=85"}],"curies":[{"name":"wp","href":"https:\/\/api.w.org\/{rel}","templated":true}]}}