{"id":92,"date":"2019-02-02T20:57:21","date_gmt":"2019-02-02T19:57:21","guid":{"rendered":"https:\/\/www.ecsfortunette.fr\/?page_id=92"},"modified":"2026-01-06T19:58:04","modified_gmt":"2026-01-06T18:58:04","slug":"adhesion","status":"publish","type":"page","link":"https:\/\/www.ecsfortunette.fr\/index.php\/adhesion\/","title":{"rendered":"Tarifs et modalit\u00e9s d&rsquo;inscription"},"content":{"rendered":"\n<p class=\"has-very-dark-gray-color has-very-light-gray-background-color has-text-color has-background\"><strong>TARIFS 2026<\/strong>:<\/p>\n\n\n\n<p class=\"has-very-dark-gray-color has-text-color\">En temps que club canin affili\u00e9, les adh\u00e9rents souscrivent \u00e0 l&rsquo;ACMA (Association Canine Maine Anjou): 15\u20ac pour adh\u00e9sion simple et 18\u20ac adh\u00e9sion double.<\/p>\n\n\n\n<p class=\"has-very-dark-gray-color has-text-color\">Les frais d&rsquo;entr\u00e9e au club (25\u20ac) sont dus lors de la 1\u00e8re inscription et nuls les ann\u00e9es suivantes.<\/p>\n\n\n\n<p class=\"has-very-dark-gray-color has-text-color\">La cotisation annuelle correspond \u00e0 l&rsquo;adh\u00e9sion en tant que membre du club de Fortunette. <\/p>\n\n\n\n<figure class=\"wp-block-image size-full\"><img loading=\"lazy\" width=\"522\" height=\"157\" src=\"https:\/\/www.ecsfortunette.fr\/wp-content\/uploads\/2024\/01\/1ere-adhesion.png\" alt=\"\" class=\"wp-image-2156\"\/><\/figure>\n\n\n\n<figure class=\"wp-block-image size-full\"><img loading=\"lazy\" width=\"515\" height=\"159\" src=\"https:\/\/www.ecsfortunette.fr\/wp-content\/uploads\/2024\/01\/renouvellement.png\" alt=\"\" class=\"wp-image-2157\"\/><\/figure>\n\n\n\n<p class=\"has-very-dark-gray-color has-text-color\"><em>Apr\u00e8s les vacances d&rsquo;\u00e9t\u00e9, le prix de la cotisation annuelle est d\u00e9gressif en fonction de la date d&rsquo;adh\u00e9sion . <\/em><\/p>\n\n\n\n<figure class=\"wp-block-image\"><img loading=\"lazy\" width=\"675\" height=\"355\" src=\"https:\/\/www.ecsfortunette.fr\/wp-content\/uploads\/2022\/01\/doc-necessaire-adhesion.png\" alt=\"\" class=\"wp-image-1667\" srcset=\"https:\/\/www.ecsfortunette.fr\/wp-content\/uploads\/2022\/01\/doc-necessaire-adhesion.png 675w, https:\/\/www.ecsfortunette.fr\/wp-content\/uploads\/2022\/01\/doc-necessaire-adhesion-660x347.png 660w\" sizes=\"(max-width: 675px) 100vw, 675px\" \/><\/figure>\n\n\n\n<div class=\"wp-container-1 wp-block-buttons\">\n<div class=\"wp-block-button has-custom-font-size is-style-outline has-small-font-size\"><a class=\"wp-block-button__link has-black-color has-pale-cyan-blue-background-color has-text-color has-background\" href=\"https:\/\/www.ecsfortunette.fr\/wp-content\/uploads\/2019\/04\/Fiche-dadh\u00e9sion-1.pdf\" target=\"_blank\" rel=\"noreferrer noopener\">T\u00e9l\u00e9charger fiche Adh\u00e9sion Club Canin<\/a><\/div>\n<\/div>\n\n\n\n<p><\/p>\n\n\n\n<div class=\"wp-container-3 is-horizontal is-content-justification-left is-nowrap wp-block-group has-small-font-size\">\n<div class=\"wp-container-2 is-content-justification-center wp-block-buttons\">\n<div class=\"wp-block-button has-custom-font-size is-style-outline has-small-font-size\"><a class=\"wp-block-button__link has-black-color has-pale-cyan-blue-background-color has-text-color has-background\" href=\"https:\/\/www.ecsfortunette.fr\/wp-content\/uploads\/2024\/12\/Adhesion-ACMA.pdf\" target=\"_blank\" rel=\"noreferrer noopener\">T\u00e9l\u00e9charger fiche Adh\u00e9sion ACMA<\/a><\/div>\n<\/div>\n<\/div>\n\n\n\n<p><\/p>\n\n\n\n<div class=\"wp-block-file\"><a id=\"wp-block-file--media-ede08fb9-a315-4a98-b101-b5ae047e49f6\" href=\"https:\/\/www.ecsfortunette.fr\/wp-content\/uploads\/2019\/04\/Autorisation-parentale.pdf\">Autorisation parentale<\/a><a href=\"https:\/\/www.ecsfortunette.fr\/wp-content\/uploads\/2019\/04\/Autorisation-parentale.pdf\" class=\"wp-block-file__button\" download aria-describedby=\"wp-block-file--media-ede08fb9-a315-4a98-b101-b5ae047e49f6\">T\u00e9l\u00e9charger<\/a><\/div>\n\n\n\n<div class=\"wp-block-file\"><a id=\"wp-block-file--media-871d9798-a9c1-4a1d-96ba-fff734514a3e\" href=\"https:\/\/www.ecsfortunette.fr\/wp-content\/uploads\/2020\/09\/fiche_d_education.pdf\" target=\"_blank\" rel=\"noreferrer noopener\">Fiche d&rsquo;\u00e9ducation (facultatif)<\/a><a href=\"https:\/\/www.ecsfortunette.fr\/wp-content\/uploads\/2020\/09\/fiche_d_education.pdf\" class=\"wp-block-file__button\" download aria-describedby=\"wp-block-file--media-871d9798-a9c1-4a1d-96ba-fff734514a3e\">T\u00e9l\u00e9charger<\/a><\/div>\n\n\n<div class=\"wp-block-image\">\n<figure class=\"aligncenter is-resized\"><img loading=\"lazy\" src=\"https:\/\/www.ecsfortunette.fr\/wp-content\/uploads\/2019\/09\/calendrier.jpeg\" alt=\"\" class=\"wp-image-1085\" width=\"100\" height=\"81\"\/><\/figure><\/div>\n\n\n<p class=\"has-very-dark-gray-color has-light-green-cyan-background-color has-text-color has-background has-large-font-size\"><strong>INSCRIPTIONS : <\/strong>tous les dimanches de janvier<\/p>\n\n\n\n<p class=\"has-very-dark-gray-color has-light-green-cyan-background-color has-text-color has-background\" style=\"font-size:30px\">pour les renouvellement faire les d\u00e9marches avant le 01\/02<\/p>\n","protected":false},"excerpt":{"rendered":"<p>TARIFS 2026: En temps que club canin affili\u00e9, les adh\u00e9rents souscrivent \u00e0 l&rsquo;ACMA (Association Canine Maine Anjou): 15\u20ac pour adh\u00e9sion simple et 18\u20ac adh\u00e9sion double. Les frais d&rsquo;entr\u00e9e au club (25\u20ac) sont dus lors de la 1\u00e8re inscription et nuls les ann\u00e9es suivantes. La cotisation annuelle correspond \u00e0 l&rsquo;adh\u00e9sion en tant que membre du club&hellip; <br \/> <a class=\"read-more\" href=\"https:\/\/www.ecsfortunette.fr\/index.php\/adhesion\/\">Lire la suite<\/a><\/p>\n","protected":false},"author":1,"featured_media":0,"parent":0,"menu_order":0,"comment_status":"closed","ping_status":"closed","template":"","meta":[],"_links":{"self":[{"href":"https:\/\/www.ecsfortunette.fr\/index.php\/wp-json\/wp\/v2\/pages\/92"}],"collection":[{"href":"https:\/\/www.ecsfortunette.fr\/index.php\/wp-json\/wp\/v2\/pages"}],"about":[{"href":"https:\/\/www.ecsfortunette.fr\/index.php\/wp-json\/wp\/v2\/types\/page"}],"author":[{"embeddable":true,"href":"https:\/\/www.ecsfortunette.fr\/index.php\/wp-json\/wp\/v2\/users\/1"}],"replies":[{"embeddable":true,"href":"https:\/\/www.ecsfortunette.fr\/index.php\/wp-json\/wp\/v2\/comments?post=92"}],"version-history":[{"count":59,"href":"https:\/\/www.ecsfortunette.fr\/index.php\/wp-json\/wp\/v2\/pages\/92\/revisions"}],"predecessor-version":[{"id":2274,"href":"https:\/\/www.ecsfortunette.fr\/index.php\/wp-json\/wp\/v2\/pages\/92\/revisions\/2274"}],"wp:attachment":[{"href":"https:\/\/www.ecsfortunette.fr\/index.php\/wp-json\/wp\/v2\/media?parent=92"}],"curies":[{"name":"wp","href":"https:\/\/api.w.org\/{rel}","templated":true}]}}